{"id":2592,"date":"2024-02-15T08:27:48","date_gmt":"2024-02-15T07:27:48","guid":{"rendered":"http:\/\/www.yamaha-music-school-colmar.com\/site\/?page_id=2592"},"modified":"2024-02-21T16:57:54","modified_gmt":"2024-02-21T15:57:54","slug":"musiclab-espace-de-coworking-artistique","status":"publish","type":"page","link":"https:\/\/www.yamaha-music-school-colmar.com\/site\/musiclab-espace-de-coworking-artistique\/","title":{"rendered":"MUSICLAB &#8211; ESPACE DE COWORKING ARTISTIQUE"},"content":{"rendered":"<div class=\"n2_clear\"><ss3-force-full-width data-overflow-x=\"body\" data-horizontal-selector=\"body\"><div class=\"n2-section-smartslider fitvidsignore  n2_clear\" data-ssid=\"8\"><div id=\"n2-ss-8-align\" class=\"n2-ss-align\"><div class=\"n2-padding\"><div id=\"n2-ss-8\" data-creator=\"Smart Slider 3\" data-responsive=\"fullwidth\" class=\"n2-ss-slider n2-ow n2-has-hover n2notransition  \">\n        <div class=\"n2-ss-slider-1 n2_ss__touch_element n2-ow\">\n            <div class=\"n2-ss-slider-2 n2-ow\">\n                                                <div class=\"n2-ss-slider-3 n2-ow\">\n\n                    <div class=\"n2-ss-slide-backgrounds n2-ow-all\"><div class=\"n2-ss-slide-background\" data-public-id=\"1\" data-mode=\"fill\"><div class=\"n2-ss-slide-background-image\" data-blur=\"0\" data-opacity=\"100\" data-x=\"50\" data-y=\"50\" data-alt=\"\" data-title=\"\"><picture class=\"skip-lazy\" data-skip-lazy=\"1\"><img decoding=\"async\" src=\"\/\/www.yamaha-music-school-colmar.com\/site\/wp-content\/uploads\/2024\/02\/unnamed.jpg\" alt=\"\" title=\"\" loading=\"lazy\" class=\"skip-lazy\" data-skip-lazy=\"1\"><\/picture><\/div><div data-color=\"RGBA(255,255,255,0)\" style=\"background-color: RGBA(255,255,255,0);\" class=\"n2-ss-slide-background-color\"><\/div><\/div><\/div>                    <div class=\"n2-ss-slider-4 n2-ow\">\n                        <svg xmlns=\"http:\/\/www.w3.org\/2000\/svg\" viewBox=\"0 0 1200 600\" data-related-device=\"desktopPortrait\" class=\"n2-ow n2-ss-preserve-size n2-ss-preserve-size--slider n2-ss-slide-limiter\"><\/svg><div data-first=\"1\" data-slide-duration=\"0\" data-id=\"35\" data-slide-public-id=\"1\" data-title=\"Image Slider 2\" class=\"n2-ss-slide n2-ow  n2-ss-slide-35\"><div role=\"note\" class=\"n2-ss-slide--focus\" tabindex=\"-1\">Image Slider 2<\/div><div class=\"n2-ss-layers-container n2-ss-slide-limiter n2-ow\"><div class=\"n2-ss-layer n2-ow n-uc-KLQTtLTNJUja\" data-sstype=\"slide\" data-pm=\"default\"><div class=\"n2-ss-layer n2-ow n-uc-FzD3FjaVhqtk\" data-pm=\"default\" data-sstype=\"content\" data-hasbackground=\"1\"><div class=\"n2-ss-section-main-content n2-ss-layer-with-background n2-ss-layer-content n2-ow n-uc-FzD3FjaVhqtk-inner\"><div class=\"n2-ss-layer n2-ow n-uc-6t5JNjzRaeHs\" data-pm=\"normal\" data-sstype=\"layer\"><div class=\"n2-ss-item-content n2-ss-text n2-ow-all\"><div class=\"\"><\/div><\/div><\/div><div class=\"n2-ss-layer n2-ow n2-ss-layer--block n2-ss-has-self-align n-uc-h8vYNC8D22X1\" data-pm=\"normal\" data-sstype=\"row\"><div class=\"n2-ss-layer-row n2-ss-layer-with-background n-uc-h8vYNC8D22X1-inner\"><div class=\"n2-ss-layer-row-inner \"><div class=\"n2-ss-layer n2-ow n-uc-eTjSZSQdMhTC\" data-pm=\"default\" data-sstype=\"col\"><div class=\"n2-ss-layer-col n2-ss-layer-with-background n2-ss-layer-content n-uc-eTjSZSQdMhTC-inner\"><\/div><\/div><div class=\"n2-ss-layer n2-ow n-uc-xrhtRvglPDVR\" data-pm=\"default\" data-sstype=\"col\"><div class=\"n2-ss-layer-col n2-ss-layer-with-background n2-ss-layer-content n-uc-xrhtRvglPDVR-inner\"><\/div><\/div><\/div><\/div><\/div><\/div><\/div><\/div><\/div><\/div>                    <\/div>\n\n                                    <\/div>\n            <\/div>\n        <\/div>\n        <\/div><ss3-loader><\/ss3-loader><\/div><\/div><div class=\"n2_clear\"><\/div><\/div><\/ss3-force-full-width><\/div>\n\n\n<div style=\"height:50px\" aria-hidden=\"true\" class=\"wp-block-spacer\"><\/div>\n\n\n\n<figure class=\"wp-block-image aligncenter size-large\"><img loading=\"lazy\" decoding=\"async\" width=\"1024\" height=\"323\" src=\"https:\/\/www.yamaha-music-school-colmar.com\/site\/wp-content\/uploads\/2024\/02\/unnamed-1024x323.png\" alt=\"\" class=\"wp-image-2594\" srcset=\"https:\/\/www.yamaha-music-school-colmar.com\/site\/wp-content\/uploads\/2024\/02\/unnamed-1024x323.png 1024w, https:\/\/www.yamaha-music-school-colmar.com\/site\/wp-content\/uploads\/2024\/02\/unnamed-300x95.png 300w, https:\/\/www.yamaha-music-school-colmar.com\/site\/wp-content\/uploads\/2024\/02\/unnamed-768x242.png 768w, https:\/\/www.yamaha-music-school-colmar.com\/site\/wp-content\/uploads\/2024\/02\/unnamed.png 1135w\" sizes=\"auto, (max-width: 1024px) 100vw, 1024px\" \/><\/figure>\n\n\n\n<p>Nous avons l\u2019immense honneur de rendre officiel notre nouvel&nbsp;<strong>espace d\u2019\u00e9volution artistique<\/strong>,&nbsp;au 1er \u00e9tage de l&rsquo;\u00e9cole de musique Yamaha Music School Colmar en zone Nord \u00e0 Colmar (68).<\/p>\n\n\n\n<div style=\"height:50px\" aria-hidden=\"true\" class=\"wp-block-spacer\"><\/div>\n\n\n\n<figure class=\"wp-block-embed is-type-video is-provider-youtube wp-block-embed-youtube wp-embed-aspect-16-9 wp-has-aspect-ratio\"><div class=\"wp-block-embed__wrapper\">\n<iframe loading=\"lazy\" title=\"MusicLab\" width=\"500\" height=\"281\" src=\"https:\/\/www.youtube.com\/embed\/uHxNjVfR950?feature=oembed\" frameborder=\"0\" allow=\"accelerometer; autoplay; clipboard-write; encrypted-media; gyroscope; picture-in-picture; web-share\" referrerpolicy=\"strict-origin-when-cross-origin\" allowfullscreen><\/iframe>\n<\/div><\/figure>\n\n\n\n<div style=\"height:30px\" aria-hidden=\"true\" class=\"wp-block-spacer\"><\/div>\n\n\n\n<p>Comme son nom l\u2019indique, ce plateau de pr\u00e8s de 120 m2, \u00e9quip\u00e9 d\u2019instruments et de mat\u00e9riel de sonorisation, nous permet de disposer d&rsquo;un v\u00e9ritable <strong>laboratoire artistique<\/strong>.<\/p>\n\n\n\n<p>En compl\u00e9ment de notre activit\u00e9 d\u2019\u00e9ducation musicale, ce sera un magnifique lieu d\u2019\u00e9change pour :<\/p>\n\n\n\n<ul class=\"wp-block-list\">\n<li>se <strong>raconter des histoires<\/strong>,<\/li>\n\n\n\n<li><strong>chanter<\/strong> en groupe,<\/li>\n\n\n\n<li><strong>enregistrer<\/strong>,<\/li>\n\n\n\n<li><strong>danser<\/strong> (local \u00e9quip\u00e9 d\u2019un plateau de danse de 80m2, d\u2019une barre et d\u2019un grand miroir, d\u2019un vestiaire et de douches),<\/li>\n\n\n\n<li><strong>organiser des team-building<\/strong> dans le domaine musical, de la cr\u00e9ation,<\/li>\n\n\n\n<li><strong>recevoir des petites conf\u00e9rences<\/strong> dans tous les domaines,<\/li>\n\n\n\n<li><strong>cr\u00e9er des stages<\/strong> formidables (:-) pendant les vacances scolaires,<\/li>\n\n\n\n<li><strong>organiser des masterclass<\/strong>,<\/li>\n\n\n\n<li><strong>organiser des mini-concerts priv\u00e9s<\/strong>\u2026<\/li>\n<\/ul>\n\n\n\n<p>Nous sommes \u00e0 votre enti\u00e8re disposition pour partager ce joli projet avec vous, et pourquoi pas, vous adresser une offre de collaboration (dans les cr\u00e9neaux hebdomadaires qui sont disponibles, ou pendant les p\u00e9riodes de vacances scolaires.)<\/p>\n\n\n\n<div style=\"height:29px\" aria-hidden=\"true\" class=\"wp-block-spacer\"><\/div>\n\n\n\n<section class=\"wp-block-uagb-section uagb-section__wrap uagb-section__background-image uagb-block-03b32550\"><div class=\"uagb-section__overlay\"><\/div><div class=\"uagb-section__inner-wrap\">\n<div class=\"wp-block-columns has-3-columns is-layout-flex wp-container-core-columns-is-layout-28f84493 wp-block-columns-is-layout-flex\">\n<div class=\"wp-block-column is-layout-flow wp-block-column-is-layout-flow\">\n<div class=\"wp-block-uagb-advanced-heading uagb-block-fdb29a3c ticss-53850d97\"><h4 class=\"uagb-heading-text\"><a href=\"https:\/\/www.yamaha-music-school-colmar.com\/site\/a-propos\/\">A propos<\/a><\/h4><\/div>\n\n\n\n<div class=\"wp-block-uagb-advanced-heading uagb-block-317b55e0\"><h4 class=\"uagb-heading-text\"><a href=\"https:\/\/www.yamaha-music-school-colmar.com\/site\/junior-original-concert\/\">Junior original concert<\/a><\/h4><\/div>\n\n\n\n<div class=\"wp-block-uagb-advanced-heading uagb-block-44e8f01a\"><h4 class=\"uagb-heading-text\"><a href=\"https:\/\/www.yamaha-music-school-colmar.com\/site\/cours-2\/\">Examens de grade<\/a><\/h4><\/div>\n\n\n\n<div class=\"wp-block-uagb-advanced-heading uagb-block-4b2220fd\"><h4 class=\"uagb-heading-text\"> <a href=\"https:\/\/www.yamaha-music-school-colmar.com\/site\/contact\/\">Contact<\/a><\/h4><\/div>\n\n\n\n<div class=\"wp-block-uagb-advanced-heading uagb-block-837087f1\"><h4 class=\"uagb-heading-text\"><a href=\"https:\/\/www.yamaha-music-school-colmar.com\/site\/politique-de-confidentialite\/\">Mentions l\u00e9gales<\/a><\/h4><\/div>\n<\/div>\n\n\n\n<div class=\"wp-block-column is-layout-flow wp-block-column-is-layout-flow\">\n<div class=\"wp-block-uagb-advanced-heading uagb-block-19b7d8f7 ticss-eda529cc\"><h4 class=\"uagb-heading-text\"><a href=\"https:\/\/www.yamaha-music-school-colmar.com\/site\/cours\/\">Nos cours<\/a><\/h4><\/div>\n\n\n\n<div class=\"wp-block-uagb-advanced-heading uagb-block-f80642b2\"><h4 class=\"uagb-heading-text\"><a href=\"https:\/\/www.yamaha-music-school-colmar.com\/site\/cours-pour-enfants\/\">Cours pour enfants<\/a><\/h4><\/div>\n\n\n\n<div class=\"wp-block-uagb-advanced-heading uagb-block-68470c80\"><h4 class=\"uagb-heading-text\"><a href=\"https:\/\/www.yamaha-music-school-colmar.com\/site\/cours-pour-adolescents-adultes\/\">Cours pour Adolescents \/ Adultes<\/a><\/h4><\/div>\n\n\n\n<div class=\"wp-block-uagb-advanced-heading uagb-block-b0bbaff0\"><h4 class=\"uagb-heading-text\"><a href=\"https:\/\/www.yamaha-music-school-colmar.com\/site\/nos-professeurs\/\">Professeurs<\/a><\/h4><\/div>\n\n\n\n<div class=\"wp-block-uagb-advanced-heading uagb-block-bdcf2be5\"><h4 class=\"uagb-heading-text\"><a href=\"https:\/\/www.yamaha-music-school-colmar.com\/site\/contact\/\">Horaires<\/a><\/h4><\/div>\n\n\n\n<p><\/p>\n<\/div>\n\n\n\n<div class=\"wp-block-column is-layout-flow wp-block-column-is-layout-flow\">\n<figure class=\"wp-block-image\"><img loading=\"lazy\" decoding=\"async\" width=\"628\" height=\"141\" src=\"https:\/\/www.yamaha-music-school-colmar.com\/site\/wp-content\/uploads\/2019\/03\/yms_logo_big.png\" alt=\"\" class=\"wp-image-1050\" srcset=\"https:\/\/www.yamaha-music-school-colmar.com\/site\/wp-content\/uploads\/2019\/03\/yms_logo_big.png 628w, https:\/\/www.yamaha-music-school-colmar.com\/site\/wp-content\/uploads\/2019\/03\/yms_logo_big-300x67.png 300w\" sizes=\"auto, (max-width: 628px) 100vw, 628px\" \/><\/figure>\n\n\n\n<div class=\"wp-block-uagb-advanced-heading uagb-block-30119d83\"><h4 class=\"uagb-heading-text\">Contacts<\/h4><\/div>\n\n\n\n<div class=\"wp-block-uagb-icon-list uagb-block-912efb89 uagb-icon-list__outer-wrap uagb-icon-list__layout-vertical uagb-icon-list__icon-at-top\"><div class=\"uagb-icon-list__wrap\">\n<div class=\"wp-block-uagb-icon-list-child uagb-block-648dab71 uagb-icon-list-repeater uagb-icon-list__wrapper\"><span class=\"uagb-icon-list__source-wrap\"><svg xmlns=\"https:\/\/www.w3.org\/2000\/svg\" viewBox=\"0 0 384 512\"><path d=\"M168.3 499.2C116.1 435 0 279.4 0 192C0 85.96 85.96 0 192 0C298 0 384 85.96 384 192C384 279.4 267 435 215.7 499.2C203.4 514.5 180.6 514.5 168.3 499.2H168.3zM192 256C227.3 256 256 227.3 256 192C256 156.7 227.3 128 192 128C156.7 128 128 156.7 128 192C128 227.3 156.7 256 192 256z\"><\/path><\/svg><\/span><span class=\"uagb-icon-list__label\">118, rue Andr\u00e9 KIENER<br>68000 COLMAR<\/span><\/div>\n\n\n\n<div class=\"wp-block-uagb-icon-list-child uagb-block-c8007ba7 uagb-icon-list-repeater uagb-icon-list__wrapper\"><span class=\"uagb-icon-list__source-wrap\"><svg xmlns=\"https:\/\/www.w3.org\/2000\/svg\" viewBox=\"0 0 512 512\"><path d=\"M511.2 387l-23.25 100.8c-3.266 14.25-15.79 24.22-30.46 24.22C205.2 512 0 306.8 0 54.5c0-14.66 9.969-27.2 24.22-30.45l100.8-23.25C139.7-2.602 154.7 5.018 160.8 18.92l46.52 108.5c5.438 12.78 1.77 27.67-8.98 36.45L144.5 207.1c33.98 69.22 90.26 125.5 159.5 159.5l44.08-53.8c8.688-10.78 23.69-14.51 36.47-8.975l108.5 46.51C506.1 357.2 514.6 372.4 511.2 387z\"><\/path><\/svg><\/span><span class=\"uagb-icon-list__label\">06 31 37 44 38 &#8211; 03 89 21 65 90 <\/span><\/div>\n\n\n\n<div class=\"wp-block-uagb-icon-list-child uagb-block-c8b296b7 uagb-icon-list-repeater uagb-icon-list__wrapper\"><span class=\"uagb-icon-list__source-wrap\"><svg xmlns=\"https:\/\/www.w3.org\/2000\/svg\" viewBox=\"0 0 512 512\"><path d=\"M493.6 163c-24.88-19.62-45.5-35.37-164.3-121.6C312.7 29.21 279.7 0 256.4 0H255.6C232.3 0 199.3 29.21 182.6 41.38c-118.8 86.25-139.4 101.1-164.3 121.6C6.75 172 0 186 0 200.8v263.2C0 490.5 21.49 512 48 512h416c26.51 0 48-21.49 48-47.1V200.8C512 186 505.3 172 493.6 163zM303.2 367.5C289.1 378.5 272.5 384 256 384s-33.06-5.484-47.16-16.47L64 254.9V208.5c21.16-16.59 46.48-35.66 156.4-115.5c3.18-2.328 6.891-5.187 10.98-8.353C236.9 80.44 247.8 71.97 256 66.84c8.207 5.131 19.14 13.6 24.61 17.84c4.09 3.166 7.801 6.027 11.15 8.478C400.9 172.5 426.6 191.7 448 208.5v46.32L303.2 367.5z\"><\/path><\/svg><\/span><span class=\"uagb-icon-list__label\"><a href=\"mailto:ymscolmar@gmail.com\">ymscolmar@gmail.com <\/a> <\/span><\/div>\n<\/div><\/div>\n<\/div>\n<\/div>\n\n\n\n<div style=\"height:30px\" aria-hidden=\"true\" class=\"wp-block-spacer\"><\/div>\n\n\n\n<hr class=\"wp-block-separator has-css-opacity is-style-wide\"\/>\n\n\n\n<div style=\"height:20px\" aria-hidden=\"true\" class=\"wp-block-spacer\"><\/div>\n\n\n\n<p><\/p>\n<\/div><\/section>\n","protected":false},"excerpt":{"rendered":"<p>Nous avons l\u2019immense honneur de rendre officiel notre nouvel&nbsp;espace d\u2019\u00e9volution artistique,&nbsp;au 1er \u00e9tage de l&rsquo;\u00e9cole de musique Yamaha Music School Colmar en zone Nord \u00e0 Colmar (68). Comme son nom l\u2019indique, ce plateau de pr\u00e8s de 120 m2, \u00e9quip\u00e9 d\u2019instruments et de mat\u00e9riel de sonorisation, nous permet de disposer d&rsquo;un v\u00e9ritable laboratoire artistique. En compl\u00e9ment [&hellip;]<\/p>\n","protected":false},"author":1,"featured_media":0,"parent":0,"menu_order":0,"comment_status":"closed","ping_status":"closed","template":"","meta":{"_uag_custom_page_level_css":"","site-sidebar-layout":"no-sidebar","site-content-layout":"page-builder","ast-site-content-layout":"full-width-container","site-content-style":"unboxed","site-sidebar-style":"unboxed","ast-global-header-display":"","ast-banner-title-visibility":"","ast-main-header-display":"","ast-hfb-above-header-display":"","ast-hfb-below-header-display":"","ast-hfb-mobile-header-display":"","site-post-title":"disabled","ast-breadcrumbs-content":"","ast-featured-img":"disabled","footer-sml-layout":"","theme-transparent-header-meta":"enabled","adv-header-id-meta":"","stick-header-meta":"","header-above-stick-meta":"","header-main-stick-meta":"","header-below-stick-meta":"","astra-migrate-meta-layouts":"set","ast-page-background-enabled":"default","ast-page-background-meta":{"desktop":{"background-color":"","background-image":"","background-repeat":"repeat","background-position":"center center","background-size":"auto","background-attachment":"scroll","background-type":"","background-media":"","overlay-type":"","overlay-color":"","overlay-opacity":"","overlay-gradient":""},"tablet":{"background-color":"","background-image":"","background-repeat":"repeat","background-position":"center center","background-size":"auto","background-attachment":"scroll","background-type":"","background-media":"","overlay-type":"","overlay-color":"","overlay-opacity":"","overlay-gradient":""},"mobile":{"background-color":"","background-image":"","background-repeat":"repeat","background-position":"center center","background-size":"auto","background-attachment":"scroll","background-type":"","background-media":"","overlay-type":"","overlay-color":"","overlay-opacity":"","overlay-gradient":""}},"ast-content-background-meta":{"desktop":{"background-color":"var(--ast-global-color-5)","background-image":"","background-repeat":"repeat","background-position":"center center","background-size":"auto","background-attachment":"scroll","background-type":"","background-media":"","overlay-type":"","overlay-color":"","overlay-opacity":"","overlay-gradient":""},"tablet":{"background-color":"var(--ast-global-color-5)","background-image":"","background-repeat":"repeat","background-position":"center center","background-size":"auto","background-attachment":"scroll","background-type":"","background-media":"","overlay-type":"","overlay-color":"","overlay-opacity":"","overlay-gradient":""},"mobile":{"background-color":"var(--ast-global-color-5)","background-image":"","background-repeat":"repeat","background-position":"center center","background-size":"auto","background-attachment":"scroll","background-type":"","background-media":"","overlay-type":"","overlay-color":"","overlay-opacity":"","overlay-gradient":""}},"_themeisle_gutenberg_block_has_review":false,"footnotes":""},"class_list":["post-2592","page","type-page","status-publish","hentry"],"featured_image_urls_v2":{"full":"","thumbnail":"","medium":"","medium_large":"","large":"","1536x1536":"","2048x2048":""},"post_excerpt_stackable_v2":"<p>Image Slider 2 Nous avons l\u2019immense honneur de rendre officiel notre nouvel&nbsp;espace d\u2019\u00e9volution artistique,&nbsp;au 1er \u00e9tage de l&rsquo;\u00e9cole de musique Yamaha Music School Colmar en zone Nord \u00e0 Colmar (68). Comme son nom l\u2019indique, ce plateau de pr\u00e8s de 120 m2, \u00e9quip\u00e9 d\u2019instruments et de mat\u00e9riel de sonorisation, nous permet de disposer d&rsquo;un v\u00e9ritable laboratoire artistique. En compl\u00e9ment de notre activit\u00e9 d\u2019\u00e9ducation musicale, ce sera un magnifique lieu d\u2019\u00e9change pour : se raconter des histoires, chanter en groupe, enregistrer, danser (local \u00e9quip\u00e9 d\u2019un plateau de danse de 80m2, d\u2019une barre et d\u2019un grand miroir, d\u2019un vestiaire et de douches), organiser\u2026<\/p>\n","category_list_v2":"","author_info_v2":{"name":"YMS COLMAR","url":"https:\/\/www.yamaha-music-school-colmar.com\/site\/author\/jmgc59\/"},"comments_num_v2":"0 commentaire","uagb_featured_image_src":{"full":false,"thumbnail":false,"medium":false,"medium_large":false,"large":false,"1536x1536":false,"2048x2048":false},"uagb_author_info":{"display_name":"YMS COLMAR","author_link":"https:\/\/www.yamaha-music-school-colmar.com\/site\/author\/jmgc59\/"},"uagb_comment_info":0,"uagb_excerpt":"Nous avons l\u2019immense honneur de rendre officiel notre nouvel&nbsp;espace d\u2019\u00e9volution artistique,&nbsp;au 1er \u00e9tage de l&rsquo;\u00e9cole de musique Yamaha Music School Colmar en zone Nord \u00e0 Colmar (68). Comme son nom l\u2019indique, ce plateau de pr\u00e8s de 120 m2, \u00e9quip\u00e9 d\u2019instruments et de mat\u00e9riel de sonorisation, nous permet de disposer d&rsquo;un v\u00e9ritable laboratoire artistique. En compl\u00e9ment\u2026","_links":{"self":[{"href":"https:\/\/www.yamaha-music-school-colmar.com\/site\/wp-json\/wp\/v2\/pages\/2592","targetHints":{"allow":["GET"]}}],"collection":[{"href":"https:\/\/www.yamaha-music-school-colmar.com\/site\/wp-json\/wp\/v2\/pages"}],"about":[{"href":"https:\/\/www.yamaha-music-school-colmar.com\/site\/wp-json\/wp\/v2\/types\/page"}],"author":[{"embeddable":true,"href":"https:\/\/www.yamaha-music-school-colmar.com\/site\/wp-json\/wp\/v2\/users\/1"}],"replies":[{"embeddable":true,"href":"https:\/\/www.yamaha-music-school-colmar.com\/site\/wp-json\/wp\/v2\/comments?post=2592"}],"version-history":[{"count":7,"href":"https:\/\/www.yamaha-music-school-colmar.com\/site\/wp-json\/wp\/v2\/pages\/2592\/revisions"}],"predecessor-version":[{"id":2604,"href":"https:\/\/www.yamaha-music-school-colmar.com\/site\/wp-json\/wp\/v2\/pages\/2592\/revisions\/2604"}],"wp:attachment":[{"href":"https:\/\/www.yamaha-music-school-colmar.com\/site\/wp-json\/wp\/v2\/media?parent=2592"}],"curies":[{"name":"wp","href":"https:\/\/api.w.org\/{rel}","templated":true}]}}