{"id":2489,"date":"2023-06-19T16:47:38","date_gmt":"2023-06-19T14:47:38","guid":{"rendered":"http:\/\/www.yamaha-music-school-colmar.com\/site\/?page_id=2489"},"modified":"2023-06-22T10:21:53","modified_gmt":"2023-06-22T08:21:53","slug":"batterie-enfants","status":"publish","type":"page","link":"https:\/\/www.yamaha-music-school-colmar.com\/site\/batterie-enfants\/","title":{"rendered":"BATTERIE ENFANTS"},"content":{"rendered":"\n<section class=\"wp-block-uagb-section uagb-section__wrap uagb-section__background-image uagb-block-9f6adda4\"><div class=\"uagb-section__overlay\"><\/div><div class=\"uagb-section__inner-wrap\">\n<div class=\"wp-block-uagb-advanced-heading uagb-block-1fc945d9\"><h1 class=\"uagb-heading-text\">BATTERIE<\/h1><p class=\"uagb-desc-text\"><\/p><\/div>\n<\/div><\/section>\n\n\n<style>#kt-layout-id_47f35b-43 > .kt-row-column-wrap{align-content:start;}:where(#kt-layout-id_47f35b-43 > .kt-row-column-wrap) > .wp-block-kadence-column{justify-content:start;}#kt-layout-id_47f35b-43 > .kt-row-column-wrap{column-gap:var(--global-kb-gap-md, 2rem);row-gap:var(--global-kb-gap-md, 2rem);max-width:1200px;margin-left:auto;margin-right:auto;padding-top:var( --global-kb-row-default-top, 25px );padding-bottom:var( --global-kb-row-default-bottom, 25px );padding-left:10px;padding-right:197px;grid-template-columns:minmax(0, calc(60% - ((var(--global-kb-gap-md, 2rem) * 1 )\/2)))minmax(0, calc(40% - ((var(--global-kb-gap-md, 2rem) * 1 )\/2)));}#kt-layout-id_47f35b-43 > .kt-row-layout-overlay{opacity:0.30;}@media all and (max-width: 1024px){#kt-layout-id_47f35b-43 > .kt-row-column-wrap{grid-template-columns:minmax(0, 2fr) minmax(0, 1fr);}}@media all and (max-width: 767px){#kt-layout-id_47f35b-43 > .kt-row-column-wrap{grid-template-columns:minmax(0, 1fr);}}<\/style>\n<div class=\"wp-block-kadence-rowlayout alignnone\"><div id=\"kt-layout-id_47f35b-43\" class=\"kt-row-layout-inner kt-layout-id_47f35b-43\"><div class=\"kt-row-column-wrap kt-has-2-columns kt-gutter-default kt-v-gutter-default kt-row-valign-top kt-row-layout-left-golden kt-tab-layout-inherit kt-m-colapse-left-to-right kt-mobile-layout-row  kt-custom-first-width-60  kt-custom-second-width-40\"><style>.kadence-column_37fb20-d7 > .kt-inside-inner-col{border-top-width:0px;border-right-width:0px;border-bottom-width:0px;border-left-width:0px;}.kadence-column_37fb20-d7 > .kt-inside-inner-col,.kadence-column_37fb20-d7 > .kt-inside-inner-col:before{border-top-left-radius:0px;border-top-right-radius:0px;border-bottom-right-radius:0px;border-bottom-left-radius:0px;}.kadence-column_37fb20-d7 > .kt-inside-inner-col{column-gap:var(--global-kb-gap-sm, 1rem);}.kadence-column_37fb20-d7 > .kt-inside-inner-col{flex-direction:column;}.kadence-column_37fb20-d7 > .kt-inside-inner-col > .aligncenter{width:100%;}.kadence-column_37fb20-d7 > .kt-inside-inner-col:before{opacity:0.3;}.kadence-column_37fb20-d7{position:relative;}@media all and (max-width: 1024px){.kadence-column_37fb20-d7 > .kt-inside-inner-col{flex-direction:column;justify-content:center;}}@media all and (max-width: 767px){.kadence-column_37fb20-d7 > .kt-inside-inner-col{flex-direction:column;justify-content:center;}}<\/style>\n<div class=\"wp-block-kadence-column inner-column-1 kadence-column_37fb20-d7\"><div class=\"kt-inside-inner-col\">\n<p class=\"has-text-align-left\"><strong>Batterie<\/strong><\/p>\n\n\n\n<p>En jouant des morceaux et des exercices, vous allez\napprendre une grande vari\u00e9t\u00e9 de styles musicaux, et acqu\u00e9rir diff\u00e9rentes\ntechniques. Nous vous aiderons \u00e0 d\u00e9terminer vos go\u00fbts musicaux.&nbsp; Chaque semaine, en rencontrant votre\nprofesseur dans notre \u00e9cole de musique, vous d\u00e9couvrirez que l\u2019apprentissage\npour \u00eatre amusant d\u00e8s le d\u00e9part. Que vous soyez d\u00e9butant ou confirm\u00e9,\njeune&nbsp; ou adulte, nous proposons un cours\nadapt\u00e9 \u00e0 tous, et des le\u00e7ons con\u00e7ues par des musiciens et des professeurs\nqualifi\u00e9s.<\/p>\n\n\n\n<p>Nous fournissons un software et\ndes playbacks qui vous plongent dans une ambiance musicale de groupe, et vous accompagnent\npendant les cours, et dans vos entra\u00eenements \u00e0 la maison.<\/p>\n<\/div><\/div>\n\n\n<style>.kadence-column_55deca-4c > .kt-inside-inner-col{border-top-width:0px;border-right-width:0px;border-bottom-width:0px;border-left-width:0px;}.kadence-column_55deca-4c > .kt-inside-inner-col,.kadence-column_55deca-4c > .kt-inside-inner-col:before{border-top-left-radius:0px;border-top-right-radius:0px;border-bottom-right-radius:0px;border-bottom-left-radius:0px;}.kadence-column_55deca-4c > .kt-inside-inner-col{column-gap:var(--global-kb-gap-sm, 1rem);}.kadence-column_55deca-4c > .kt-inside-inner-col{flex-direction:column;}.kadence-column_55deca-4c > .kt-inside-inner-col > .aligncenter{width:100%;}.kadence-column_55deca-4c > .kt-inside-inner-col:before{opacity:0.3;}.kadence-column_55deca-4c{position:relative;}@media all and (max-width: 1024px){.kadence-column_55deca-4c > .kt-inside-inner-col{flex-direction:column;justify-content:center;}}@media all and (max-width: 767px){.kadence-column_55deca-4c > .kt-inside-inner-col{flex-direction:column;justify-content:center;}}<\/style>\n<div class=\"wp-block-kadence-column inner-column-2 kadence-column_55deca-4c\"><div class=\"kt-inside-inner-col\">\n<p>Pour les enfants d\u00e8s  9 ans, en cours collectif<\/p>\n\n\n\n<p>Dur\u00e9e des le\u00e7ons par semaine&nbsp;:<\/p>\n\n\n\n<p><strong>Cours collectif&nbsp;:<\/strong><\/p>\n\n\n\n<p>60 minutes<\/p>\n\n\n\n<p>Groupe\nde 6 \u00e9l\u00e8ves maximum<\/p>\n\n\n<style>.wp-block-kadence-advancedbtn.kb-btns_5c7afc-68{gap:var(--global-kb-gap-xs, 0.5rem );justify-content:center;align-items:center;}.kt-btns_5c7afc-68 .kt-button{font-weight:normal;font-style:normal;}.wp-block-kadence-advancedbtn.kt-btns_5c7afc-68 .kt-btn-wrap-0 .kt-button{color:#ffffff;font-size:18px;background:#ff6900;border-color:#ff6900;border-style:solid;}.wp-block-kadence-advancedbtn.kt-btns_5c7afc-68 .kt-btn-wrap-0 .kt-button:hover, .wp-block-kadence-advancedbtn.kt-btns_5c7afc-68 .kt-btn-wrap-0 .kt-button:focus{color:#ffffff;border-color:#444444;}.wp-block-kadence-advancedbtn.kt-btns_5c7afc-68 .kt-btn-wrap-0 .kt-button::before{display:none;}.wp-block-kadence-advancedbtn.kt-btns_5c7afc-68 .kt-btn-wrap-0 .kt-button:hover, .wp-block-kadence-advancedbtn.kt-btns_5c7afc-68 .kt-btn-wrap-0 .kt-button:focus{background:#444444;}<\/style>\n<div class=\"wp-block-kadence-advancedbtn kt-btn-align-center kt-btn-tablet-align-inherit kt-btn-mobile-align-inherit kt-btns-wrap kt-btns_5c7afc-68\"><div class=\"kt-btn-wrap kt-btn-wrap-0\"><a class=\"kt-button button kt-btn-0-action kt-btn-size-custom kt-btn-style-basic kt-btn-svg-show-always kt-btn-has-text-true kt-btn-has-svg-false\" href=\"https:\/\/www.yamaha-music-school-colmar.com\/site\/contact\/\" style=\"border-radius:3px;border-width:2px\"><span class=\"kt-btn-inner-text\">Horaires<\/span><\/a><\/div><\/div>\n\n\n<style>.wp-block-kadence-advancedbtn.kb-btns_de7db5-66{gap:var(--global-kb-gap-xs, 0.5rem );justify-content:center;align-items:center;}.kt-btns_de7db5-66 .kt-button{font-weight:normal;font-style:normal;}.wp-block-kadence-advancedbtn.kt-btns_de7db5-66 .kt-btn-wrap-0 .kt-button{color:#ffffff;font-size:18px;background:#ff6900;border-color:#ff6900;border-style:solid;}.wp-block-kadence-advancedbtn.kt-btns_de7db5-66 .kt-btn-wrap-0 .kt-button:hover, .wp-block-kadence-advancedbtn.kt-btns_de7db5-66 .kt-btn-wrap-0 .kt-button:focus{color:#ffffff;border-color:#444444;}.wp-block-kadence-advancedbtn.kt-btns_de7db5-66 .kt-btn-wrap-0 .kt-button::before{display:none;}.wp-block-kadence-advancedbtn.kt-btns_de7db5-66 .kt-btn-wrap-0 .kt-button:hover, .wp-block-kadence-advancedbtn.kt-btns_de7db5-66 .kt-btn-wrap-0 .kt-button:focus{background:#444444;}<\/style>\n<div class=\"wp-block-kadence-advancedbtn kt-btn-align-center kt-btn-tablet-align-inherit kt-btn-mobile-align-inherit kt-btns-wrap kt-btns_de7db5-66\"><div class=\"kt-btn-wrap kt-btn-wrap-0\"><a class=\"kt-button button kt-btn-0-action kt-btn-size-custom kt-btn-style-basic kt-btn-svg-show-always kt-btn-has-text-true kt-btn-has-svg-false\" href=\"https:\/\/www.yamaha-music-school-colmar.com\/site\/tarifs\/\" style=\"border-radius:3px;border-width:2px\"><span class=\"kt-btn-inner-text\">Tarifs<\/span><\/a><\/div><\/div>\n<\/div><\/div>\n<\/div><\/div><\/div>\n\n\n\n<section class=\"wp-block-uagb-section uagb-section__wrap uagb-section__background-image uagb-block-03b32550\"><div class=\"uagb-section__overlay\"><\/div><div class=\"uagb-section__inner-wrap\">\n<div class=\"wp-block-columns has-3-columns is-layout-flex wp-container-core-columns-is-layout-28f84493 wp-block-columns-is-layout-flex\">\n<div class=\"wp-block-column is-layout-flow wp-block-column-is-layout-flow\">\n<div class=\"wp-block-uagb-advanced-heading uagb-block-fdb29a3c ticss-53850d97\"><h4 class=\"uagb-heading-text\"><a href=\"https:\/\/www.yamaha-music-school-colmar.com\/site\/a-propos\/\">A propos<\/a><\/h4><\/div>\n\n\n\n<div class=\"wp-block-uagb-advanced-heading uagb-block-317b55e0\"><h4 class=\"uagb-heading-text\"><a href=\"https:\/\/www.yamaha-music-school-colmar.com\/site\/junior-original-concert\/\">Junior original concert<\/a><\/h4><\/div>\n\n\n\n<div class=\"wp-block-uagb-advanced-heading uagb-block-44e8f01a\"><h4 class=\"uagb-heading-text\"><a href=\"https:\/\/www.yamaha-music-school-colmar.com\/site\/cours-2\/\">Examens de grade<\/a><\/h4><\/div>\n\n\n\n<div class=\"wp-block-uagb-advanced-heading uagb-block-4b2220fd\"><h4 class=\"uagb-heading-text\"> <a href=\"https:\/\/www.yamaha-music-school-colmar.com\/site\/contact\/\">Contact<\/a><\/h4><\/div>\n\n\n\n<div class=\"wp-block-uagb-advanced-heading uagb-block-837087f1\"><h4 class=\"uagb-heading-text\"><a href=\"https:\/\/www.yamaha-music-school-colmar.com\/site\/politique-de-confidentialite\/\">Mentions l\u00e9gales<\/a><\/h4><\/div>\n<\/div>\n\n\n\n<div class=\"wp-block-column is-layout-flow wp-block-column-is-layout-flow\">\n<div class=\"wp-block-uagb-advanced-heading uagb-block-19b7d8f7 ticss-eda529cc\"><h4 class=\"uagb-heading-text\"><a href=\"https:\/\/www.yamaha-music-school-colmar.com\/site\/cours\/\">Nos cours<\/a><\/h4><\/div>\n\n\n\n<div class=\"wp-block-uagb-advanced-heading uagb-block-f80642b2\"><h4 class=\"uagb-heading-text\"><a href=\"https:\/\/www.yamaha-music-school-colmar.com\/site\/cours-pour-enfants\/\">Cours pour enfants<\/a><\/h4><\/div>\n\n\n\n<div class=\"wp-block-uagb-advanced-heading uagb-block-68470c80\"><h4 class=\"uagb-heading-text\"><a href=\"https:\/\/www.yamaha-music-school-colmar.com\/site\/cours-pour-adolescents-adultes\/\">Cours pour Adolescents \/ Adultes<\/a><\/h4><\/div>\n\n\n\n<div class=\"wp-block-uagb-advanced-heading uagb-block-b0bbaff0\"><h4 class=\"uagb-heading-text\"><a href=\"https:\/\/www.yamaha-music-school-colmar.com\/site\/nos-professeurs\/\">Professeurs<\/a><\/h4><\/div>\n\n\n\n<div class=\"wp-block-uagb-advanced-heading uagb-block-bdcf2be5\"><h4 class=\"uagb-heading-text\"><a href=\"https:\/\/www.yamaha-music-school-colmar.com\/site\/contact\/\">Horaires<\/a><\/h4><\/div>\n\n\n\n<p><\/p>\n<\/div>\n\n\n\n<div class=\"wp-block-column is-layout-flow wp-block-column-is-layout-flow\">\n<figure class=\"wp-block-image\"><img loading=\"lazy\" decoding=\"async\" width=\"628\" height=\"141\" src=\"https:\/\/www.yamaha-music-school-colmar.com\/site\/wp-content\/uploads\/2019\/03\/yms_logo_big.png\" alt=\"\" class=\"wp-image-1050\" srcset=\"https:\/\/www.yamaha-music-school-colmar.com\/site\/wp-content\/uploads\/2019\/03\/yms_logo_big.png 628w, https:\/\/www.yamaha-music-school-colmar.com\/site\/wp-content\/uploads\/2019\/03\/yms_logo_big-300x67.png 300w\" sizes=\"auto, (max-width: 628px) 100vw, 628px\" \/><\/figure>\n\n\n\n<div class=\"wp-block-uagb-advanced-heading uagb-block-30119d83\"><h4 class=\"uagb-heading-text\">Contacts<\/h4><\/div>\n\n\n\n<div class=\"wp-block-uagb-icon-list uagb-block-912efb89 uagb-icon-list__outer-wrap uagb-icon-list__layout-vertical uagb-icon-list__icon-at-top\"><div class=\"uagb-icon-list__wrap\">\n<div class=\"wp-block-uagb-icon-list-child uagb-block-648dab71 uagb-icon-list-repeater uagb-icon-list__wrapper\"><span class=\"uagb-icon-list__source-wrap\"><svg xmlns=\"https:\/\/www.w3.org\/2000\/svg\" viewBox=\"0 0 384 512\"><path d=\"M168.3 499.2C116.1 435 0 279.4 0 192C0 85.96 85.96 0 192 0C298 0 384 85.96 384 192C384 279.4 267 435 215.7 499.2C203.4 514.5 180.6 514.5 168.3 499.2H168.3zM192 256C227.3 256 256 227.3 256 192C256 156.7 227.3 128 192 128C156.7 128 128 156.7 128 192C128 227.3 156.7 256 192 256z\"><\/path><\/svg><\/span><span class=\"uagb-icon-list__label\">118, rue Andr\u00e9 KIENER<br>68000 COLMAR<\/span><\/div>\n\n\n\n<div class=\"wp-block-uagb-icon-list-child uagb-block-c8007ba7 uagb-icon-list-repeater uagb-icon-list__wrapper\"><span class=\"uagb-icon-list__source-wrap\"><svg xmlns=\"https:\/\/www.w3.org\/2000\/svg\" viewBox=\"0 0 512 512\"><path d=\"M511.2 387l-23.25 100.8c-3.266 14.25-15.79 24.22-30.46 24.22C205.2 512 0 306.8 0 54.5c0-14.66 9.969-27.2 24.22-30.45l100.8-23.25C139.7-2.602 154.7 5.018 160.8 18.92l46.52 108.5c5.438 12.78 1.77 27.67-8.98 36.45L144.5 207.1c33.98 69.22 90.26 125.5 159.5 159.5l44.08-53.8c8.688-10.78 23.69-14.51 36.47-8.975l108.5 46.51C506.1 357.2 514.6 372.4 511.2 387z\"><\/path><\/svg><\/span><span class=\"uagb-icon-list__label\">06 31 37 44 38 &#8211; 03 89 21 65 90 <\/span><\/div>\n\n\n\n<div class=\"wp-block-uagb-icon-list-child uagb-block-c8b296b7 uagb-icon-list-repeater uagb-icon-list__wrapper\"><span class=\"uagb-icon-list__source-wrap\"><svg xmlns=\"https:\/\/www.w3.org\/2000\/svg\" viewBox=\"0 0 512 512\"><path d=\"M493.6 163c-24.88-19.62-45.5-35.37-164.3-121.6C312.7 29.21 279.7 0 256.4 0H255.6C232.3 0 199.3 29.21 182.6 41.38c-118.8 86.25-139.4 101.1-164.3 121.6C6.75 172 0 186 0 200.8v263.2C0 490.5 21.49 512 48 512h416c26.51 0 48-21.49 48-47.1V200.8C512 186 505.3 172 493.6 163zM303.2 367.5C289.1 378.5 272.5 384 256 384s-33.06-5.484-47.16-16.47L64 254.9V208.5c21.16-16.59 46.48-35.66 156.4-115.5c3.18-2.328 6.891-5.187 10.98-8.353C236.9 80.44 247.8 71.97 256 66.84c8.207 5.131 19.14 13.6 24.61 17.84c4.09 3.166 7.801 6.027 11.15 8.478C400.9 172.5 426.6 191.7 448 208.5v46.32L303.2 367.5z\"><\/path><\/svg><\/span><span class=\"uagb-icon-list__label\"><a href=\"mailto:ymscolmar@gmail.com\">ymscolmar@gmail.com <\/a> <\/span><\/div>\n<\/div><\/div>\n<\/div>\n<\/div>\n\n\n\n<div style=\"height:30px\" aria-hidden=\"true\" class=\"wp-block-spacer\"><\/div>\n\n\n\n<hr class=\"wp-block-separator has-css-opacity is-style-wide\"\/>\n\n\n\n<div style=\"height:20px\" aria-hidden=\"true\" class=\"wp-block-spacer\"><\/div>\n\n\n\n<p><\/p>\n<\/div><\/section>\n","protected":false},"excerpt":{"rendered":"<p>Batterie En jouant des morceaux et des exercices, vous allez apprendre une grande vari\u00e9t\u00e9 de styles musicaux, et acqu\u00e9rir diff\u00e9rentes techniques. Nous vous aiderons \u00e0 d\u00e9terminer vos go\u00fbts musicaux.&nbsp; Chaque semaine, en rencontrant votre professeur dans notre \u00e9cole de musique, vous d\u00e9couvrirez que l\u2019apprentissage pour \u00eatre amusant d\u00e8s le d\u00e9part. Que vous soyez d\u00e9butant ou [&hellip;]<\/p>\n","protected":false},"author":1,"featured_media":0,"parent":0,"menu_order":0,"comment_status":"closed","ping_status":"closed","template":"","meta":{"_uag_custom_page_level_css":"","site-sidebar-layout":"no-sidebar","site-content-layout":"page-builder","ast-site-content-layout":"default","site-content-style":"default","site-sidebar-style":"default","ast-global-header-display":"","ast-banner-title-visibility":"","ast-main-header-display":"","ast-hfb-above-header-display":"","ast-hfb-below-header-display":"","ast-hfb-mobile-header-display":"","site-post-title":"disabled","ast-breadcrumbs-content":"","ast-featured-img":"disabled","footer-sml-layout":"","theme-transparent-header-meta":"enabled","adv-header-id-meta":"","stick-header-meta":"","header-above-stick-meta":"","header-main-stick-meta":"","header-below-stick-meta":"","astra-migrate-meta-layouts":"default","ast-page-background-enabled":"default","ast-page-background-meta":{"desktop":{"background-color":"","background-image":"","background-repeat":"repeat","background-position":"center center","background-size":"auto","background-attachment":"scroll","background-type":"","background-media":"","overlay-type":"","overlay-color":"","overlay-opacity":"","overlay-gradient":""},"tablet":{"background-color":"","background-image":"","background-repeat":"repeat","background-position":"center center","background-size":"auto","background-attachment":"scroll","background-type":"","background-media":"","overlay-type":"","overlay-color":"","overlay-opacity":"","overlay-gradient":""},"mobile":{"background-color":"","background-image":"","background-repeat":"repeat","background-position":"center center","background-size":"auto","background-attachment":"scroll","background-type":"","background-media":"","overlay-type":"","overlay-color":"","overlay-opacity":"","overlay-gradient":""}},"ast-content-background-meta":{"desktop":{"background-color":"var(--ast-global-color-5)","background-image":"","background-repeat":"repeat","background-position":"center center","background-size":"auto","background-attachment":"scroll","background-type":"","background-media":"","overlay-type":"","overlay-color":"","overlay-opacity":"","overlay-gradient":""},"tablet":{"background-color":"var(--ast-global-color-5)","background-image":"","background-repeat":"repeat","background-position":"center center","background-size":"auto","background-attachment":"scroll","background-type":"","background-media":"","overlay-type":"","overlay-color":"","overlay-opacity":"","overlay-gradient":""},"mobile":{"background-color":"var(--ast-global-color-5)","background-image":"","background-repeat":"repeat","background-position":"center center","background-size":"auto","background-attachment":"scroll","background-type":"","background-media":"","overlay-type":"","overlay-color":"","overlay-opacity":"","overlay-gradient":""}},"_themeisle_gutenberg_block_has_review":false,"footnotes":""},"class_list":["post-2489","page","type-page","status-publish","hentry"],"featured_image_urls_v2":{"full":"","thumbnail":"","medium":"","medium_large":"","large":"","1536x1536":"","2048x2048":""},"post_excerpt_stackable_v2":"<p>BATTERIE Batterie En jouant des morceaux et des exercices, vous allez apprendre une grande vari\u00e9t\u00e9 de styles musicaux, et acqu\u00e9rir diff\u00e9rentes techniques. Nous vous aiderons \u00e0 d\u00e9terminer vos go\u00fbts musicaux.&nbsp; Chaque semaine, en rencontrant votre professeur dans notre \u00e9cole de musique, vous d\u00e9couvrirez que l\u2019apprentissage pour \u00eatre amusant d\u00e8s le d\u00e9part. Que vous soyez d\u00e9butant ou confirm\u00e9, jeune&nbsp; ou adulte, nous proposons un cours adapt\u00e9 \u00e0 tous, et des le\u00e7ons con\u00e7ues par des musiciens et des professeurs qualifi\u00e9s. Nous fournissons un software et des playbacks qui vous plongent dans une ambiance musicale de groupe, et vous accompagnent pendant les cours,\u2026<\/p>\n","category_list_v2":"","author_info_v2":{"name":"YMS COLMAR","url":"https:\/\/www.yamaha-music-school-colmar.com\/site\/author\/jmgc59\/"},"comments_num_v2":"0 commentaire","uagb_featured_image_src":{"full":false,"thumbnail":false,"medium":false,"medium_large":false,"large":false,"1536x1536":false,"2048x2048":false},"uagb_author_info":{"display_name":"YMS COLMAR","author_link":"https:\/\/www.yamaha-music-school-colmar.com\/site\/author\/jmgc59\/"},"uagb_comment_info":0,"uagb_excerpt":"Batterie En jouant des morceaux et des exercices, vous allez apprendre une grande vari\u00e9t\u00e9 de styles musicaux, et acqu\u00e9rir diff\u00e9rentes techniques. Nous vous aiderons \u00e0 d\u00e9terminer vos go\u00fbts musicaux.&nbsp; Chaque semaine, en rencontrant votre professeur dans notre \u00e9cole de musique, vous d\u00e9couvrirez que l\u2019apprentissage pour \u00eatre amusant d\u00e8s le d\u00e9part. Que vous soyez d\u00e9butant ou\u2026","_links":{"self":[{"href":"https:\/\/www.yamaha-music-school-colmar.com\/site\/wp-json\/wp\/v2\/pages\/2489","targetHints":{"allow":["GET"]}}],"collection":[{"href":"https:\/\/www.yamaha-music-school-colmar.com\/site\/wp-json\/wp\/v2\/pages"}],"about":[{"href":"https:\/\/www.yamaha-music-school-colmar.com\/site\/wp-json\/wp\/v2\/types\/page"}],"author":[{"embeddable":true,"href":"https:\/\/www.yamaha-music-school-colmar.com\/site\/wp-json\/wp\/v2\/users\/1"}],"replies":[{"embeddable":true,"href":"https:\/\/www.yamaha-music-school-colmar.com\/site\/wp-json\/wp\/v2\/comments?post=2489"}],"version-history":[{"count":24,"href":"https:\/\/www.yamaha-music-school-colmar.com\/site\/wp-json\/wp\/v2\/pages\/2489\/revisions"}],"predecessor-version":[{"id":2541,"href":"https:\/\/www.yamaha-music-school-colmar.com\/site\/wp-json\/wp\/v2\/pages\/2489\/revisions\/2541"}],"wp:attachment":[{"href":"https:\/\/www.yamaha-music-school-colmar.com\/site\/wp-json\/wp\/v2\/media?parent=2489"}],"curies":[{"name":"wp","href":"https:\/\/api.w.org\/{rel}","templated":true}]}}