{"id":1123,"date":"2019-03-16T17:25:06","date_gmt":"2019-03-16T16:25:06","guid":{"rendered":"http:\/\/www.yamaha-music-school-colmar.com\/site\/?page_id=1123"},"modified":"2025-12-05T16:12:49","modified_gmt":"2025-12-05T15:12:49","slug":"cours","status":"publish","type":"page","link":"https:\/\/www.yamaha-music-school-colmar.com\/site\/cours\/","title":{"rendered":"COURS"},"content":{"rendered":"<div class=\"n2_clear\"><ss3-force-full-width data-overflow-x=\"body\" data-horizontal-selector=\"body\"><div class=\"n2-section-smartslider fitvidsignore  n2_clear\" data-ssid=\"5\"><div id=\"n2-ss-5-align\" class=\"n2-ss-align\"><div class=\"n2-padding\"><div id=\"n2-ss-5\" data-creator=\"Smart Slider 3\" data-responsive=\"fullwidth\" class=\"n2-ss-slider n2-ow n2-has-hover n2notransition  \">\n        <div class=\"n2-ss-slider-1 n2_ss__touch_element n2-ow\">\n            <div class=\"n2-ss-slider-2 n2-ow\">\n                                                <div class=\"n2-ss-slider-3 n2-ow\">\n\n                    <div class=\"n2-ss-slide-backgrounds n2-ow-all\"><div class=\"n2-ss-slide-background\" data-public-id=\"1\" data-mode=\"fill\"><div class=\"n2-ss-slide-background-image\" data-blur=\"0\" data-opacity=\"100\" data-x=\"50\" data-y=\"50\" data-alt=\"\" data-title=\"\"><picture class=\"skip-lazy\" data-skip-lazy=\"1\"><img decoding=\"async\" src=\"\/\/www.yamaha-music-school-colmar.com\/site\/wp-content\/uploads\/2019\/03\/header-contact.jpg\" alt=\"\" title=\"\" loading=\"lazy\" class=\"skip-lazy\" data-skip-lazy=\"1\"><\/picture><\/div><div data-color=\"RGBA(255,255,255,0)\" style=\"background-color: RGBA(255,255,255,0);\" class=\"n2-ss-slide-background-color\"><\/div><\/div><\/div>                    <div class=\"n2-ss-slider-4 n2-ow\">\n                        <svg xmlns=\"http:\/\/www.w3.org\/2000\/svg\" viewBox=\"0 0 1200 600\" data-related-device=\"desktopPortrait\" class=\"n2-ow n2-ss-preserve-size n2-ss-preserve-size--slider n2-ss-slide-limiter\"><\/svg><div data-first=\"1\" data-slide-duration=\"0\" data-id=\"26\" data-slide-public-id=\"1\" data-title=\"Image Slider 2\" class=\"n2-ss-slide n2-ow  n2-ss-slide-26\"><div role=\"note\" class=\"n2-ss-slide--focus\" tabindex=\"-1\">Image Slider 2<\/div><div class=\"n2-ss-layers-container n2-ss-slide-limiter n2-ow\"><div class=\"n2-ss-layer n2-ow n-uc-snG6Kq8onrNN\" data-sstype=\"slide\" data-pm=\"default\"><div class=\"n2-ss-layer n2-ow n-uc-33ZqTrRc8cNe\" data-pm=\"default\" data-sstype=\"content\" data-hasbackground=\"0\"><div class=\"n2-ss-section-main-content n2-ss-layer-with-background n2-ss-layer-content n2-ow n-uc-33ZqTrRc8cNe-inner\"><div class=\"n2-ss-layer n2-ow n-uc-zn63owsla8Ab\" data-pm=\"normal\" data-sstype=\"layer\"><div class=\"n2-ss-item-content n2-ss-text n2-ow-all\"><div class=\"\"><p class=\"n2-font-0cef874d05ddf298a261bde444ab9f44-paragraph   \">COURS<\/p>\n<\/div><\/div><\/div><div class=\"n2-ss-layer n2-ow n2-ss-layer--block n2-ss-has-self-align n-uc-41gOVZdmTwoR\" data-pm=\"normal\" data-sstype=\"row\"><div class=\"n2-ss-layer-row n2-ss-layer-with-background n-uc-41gOVZdmTwoR-inner\"><div class=\"n2-ss-layer-row-inner \"><div class=\"n2-ss-layer n2-ow n-uc-uGbuBh7W6k8Q\" data-pm=\"default\" data-sstype=\"col\"><div class=\"n2-ss-layer-col n2-ss-layer-with-background n2-ss-layer-content n-uc-uGbuBh7W6k8Q-inner\"><\/div><\/div><div class=\"n2-ss-layer n2-ow n-uc-Z6yeBdGfHNpn\" data-pm=\"default\" data-sstype=\"col\"><div class=\"n2-ss-layer-col n2-ss-layer-with-background n2-ss-layer-content n-uc-Z6yeBdGfHNpn-inner\"><\/div><\/div><\/div><\/div><\/div><\/div><\/div><\/div><\/div><\/div>                    <\/div>\n\n                                    <\/div>\n            <\/div>\n        <\/div>\n        <\/div><ss3-loader><\/ss3-loader><\/div><\/div><div class=\"n2_clear\"><\/div><\/div><\/ss3-force-full-width><\/div>\n\n<style>.kb-row-layout-id1123_6c36cf-d3 > .kt-row-column-wrap{align-content:start;}:where(.kb-row-layout-id1123_6c36cf-d3 > .kt-row-column-wrap) > .wp-block-kadence-column{justify-content:start;}.kb-row-layout-id1123_6c36cf-d3 > .kt-row-column-wrap{column-gap:var(--global-kb-gap-md, 2rem);row-gap:var(--global-kb-gap-md, 2rem);max-width:1200px;margin-left:auto;margin-right:auto;padding-top:25px;padding-right:197px;padding-bottom:25px;padding-left:25px;grid-template-columns:minmax(0, calc(60% - ((var(--global-kb-gap-md, 2rem) * 1 )\/2)))minmax(0, calc(40% - ((var(--global-kb-gap-md, 2rem) * 1 )\/2)));}.kb-row-layout-id1123_6c36cf-d3 > .kt-row-layout-overlay{opacity:0.30;}@media all and (max-width: 1024px){.kb-row-layout-id1123_6c36cf-d3 > .kt-row-column-wrap{grid-template-columns:minmax(0, 2fr) minmax(0, 1fr);}}@media all and (max-width: 767px){.kb-row-layout-id1123_6c36cf-d3 > .kt-row-column-wrap{grid-template-columns:minmax(0, 1fr);}}<\/style><div class=\"kb-row-layout-wrap kb-row-layout-id1123_6c36cf-d3 aligncenter wp-block-kadence-rowlayout\"><div class=\"kt-row-column-wrap kt-has-2-columns kt-row-layout-left-golden kt-tab-layout-inherit kt-mobile-layout-row kt-row-valign-top\">\n<style>.kadence-column1123_c2c861-5d > .kt-inside-inner-col,.kadence-column1123_c2c861-5d > .kt-inside-inner-col:before{border-top-left-radius:0px;border-top-right-radius:0px;border-bottom-right-radius:0px;border-bottom-left-radius:0px;}.kadence-column1123_c2c861-5d > .kt-inside-inner-col{column-gap:var(--global-kb-gap-sm, 1rem);}.kadence-column1123_c2c861-5d > .kt-inside-inner-col{flex-direction:column;}.kadence-column1123_c2c861-5d > .kt-inside-inner-col > .aligncenter{width:100%;}.kadence-column1123_c2c861-5d > .kt-inside-inner-col:before{opacity:0.3;}.kadence-column1123_c2c861-5d{position:relative;}@media all and (max-width: 1024px){.kadence-column1123_c2c861-5d > .kt-inside-inner-col{flex-direction:column;justify-content:center;}}@media all and (max-width: 767px){.kadence-column1123_c2c861-5d > .kt-inside-inner-col{flex-direction:column;justify-content:center;}}<\/style>\n<div class=\"wp-block-kadence-column kadence-column1123_c2c861-5d inner-column-1\"><div class=\"kt-inside-inner-col\">\n<p class=\"has-text-align-left\"><strong>Nos cours<\/strong><\/p>\n\n\n\n<p>Les \u00e9l\u00e8ves inscrits dans la Yamaha Music School de Colmar exp\u00e9rimentent la philosophie \u00abla pratique avant la th\u00e9orie \u00bb. Notre \u00e9quipe exp\u00e9riment\u00e9e s\u2019adapte aux besoins des \u00e9l\u00e8ves, et accompagne chacun d\u2019entre eux dans leur cr\u00e9ativit\u00e9.<\/p>\n\n\n\n<p>Le syst\u00e8me d\u2019\u00e9ducation musicale\nYamaha couvre une grande vari\u00e9t\u00e9 de genres musicaux, et s\u2019adresse aux \u00e9l\u00e8ves de\ntous \u00e2ges. En plus de ces cours, nous vous proposons des cours de musiques\ncompl\u00e9mentaires dont vous trouverez le d\u00e9tail ici <\/p>\n<\/div><\/div>\n\n\n<style>.kadence-column1123_f08811-89 > .kt-inside-inner-col,.kadence-column1123_f08811-89 > .kt-inside-inner-col:before{border-top-left-radius:0px;border-top-right-radius:0px;border-bottom-right-radius:0px;border-bottom-left-radius:0px;}.kadence-column1123_f08811-89 > .kt-inside-inner-col{column-gap:var(--global-kb-gap-sm, 1rem);}.kadence-column1123_f08811-89 > .kt-inside-inner-col{flex-direction:column;}.kadence-column1123_f08811-89 > .kt-inside-inner-col > .aligncenter{width:100%;}.kadence-column1123_f08811-89 > .kt-inside-inner-col:before{opacity:0.3;}.kadence-column1123_f08811-89{position:relative;}@media all and (max-width: 1024px){.kadence-column1123_f08811-89 > .kt-inside-inner-col{flex-direction:column;justify-content:center;}}@media all and (max-width: 767px){.kadence-column1123_f08811-89 > .kt-inside-inner-col{flex-direction:column;justify-content:center;}}<\/style>\n<div class=\"wp-block-kadence-column kadence-column1123_f08811-89 inner-column-2\"><div class=\"kt-inside-inner-col\">\n<p style=\"font-size:21px\"><strong>Contact<\/strong><\/p>\n\n\n\n<ul class=\"wp-block-list\">\n<li>06 31 37 44 38<br><strong>03 89 21 65 90<\/strong><\/li>\n\n\n\n<li>ymscolmar@gmail.com<\/li>\n<\/ul>\n\n\n\n<div class=\"wp-block-uagb-call-to-action uagb-block-1e4acbeb wp-block-button\"><div class=\"uagb-cta__wrap\"><h3 class=\"uagb-cta__title\">Adresse<\/h3><p class=\"uagb-cta__desc\"> <br>118, rue Andr\u00e9 KIENER<a href=\"https:\/\/www.yamaha-music-school-colmar.com\/site\/wp-admin\/contact.html\"><br>68000 COLMAR<\/a> <\/p><\/div><div class=\"uagb-cta__buttons\"><a href=\"#\" class=\"uagb-cta__button-link-wrapper wp-block-button__link\" target=\"_self\" rel=\"noopener noreferrer\">Horaires<\/a><\/div><\/div>\n<\/div><\/div>\n\n<\/div><\/div>\n\n\n<div class=\"wp-block-ugb-image-box ugb-image-box ugb-47df279 ugb-image-box--v4 ugb-image-box--columns-2 ugb-image-box--design-basic ugb-image-box--align-center ugb-main-block\"><style>.ugb-47df279 .ugb-image-box__box{border-radius:12px !important}.ugb-47df279 .ugb-image-box__item{height:400px !important;justify-content:center !important}.ugb-47df279 .ugb-image-box__item1 .ugb-image-box__image{background-image:url(https:\/\/www.yamaha-music-school-colmar.com\/site\/wp-content\/uploads\/2019\/03\/header-kids.jpg)}.ugb-47df279 .ugb-image-box__item2 .ugb-image-box__image{background-image:url(https:\/\/www.yamaha-music-school-colmar.com\/site\/wp-content\/uploads\/2019\/03\/courses-teens.jpg)}.ugb-47df279 .ugb-image-box__item:hover .ugb-image-box__overlay-hover{opacity:0.7 !important}.ugb-47df279 .ugb-image-box__title{color:#ffffff !important}.ugb-47df279 .ugb-image-box__description{color:#ffffff !important}.ugb-47df279 .ugb-inner-block{text-align:center}@media screen and (min-width:768px) and (max-width:1025px){.ugb-47df279 .ugb-image-box__item{height:300px !important}}@media screen and (max-width:768px){.ugb-47df279 .ugb-image-box__item{height:300px !important}}<\/style><div class=\"ugb-inner-block\"><div class=\"ugb-block-content\"><div class=\"ugb-image-box__item ugb-image-box__item1 ugb-image-box__box ugb--shadow-3\"><div class=\"ugb-image-box__box ugb-image-box__image-wrapper\"><div class=\"ugb-image-box__box ugb-image-box__image\" role=\"img\" aria-label=\"Cours pour enfants\"><\/div><\/div><div class=\"ugb-image-box__box ugb-image-box__overlay-hover\"><\/div><div class=\"ugb-image-box__content\"><div class=\"ugb-image-box__header\"><h4 class=\"ugb-image-box__title\">Cours pour enfants<\/h4><\/div><p class=\"ugb-image-box__description\">D\u00e8s 4 ans<\/p><\/div><a class=\"ugb-image-box__overlay-link\" href=\"https:\/\/www.yamaha-music-school-colmar.com\/site\/cours-pour-enfants\/\" title=\"Cours pour enfants\" aria-label=\"Cours pour enfants\"><\/a><\/div><div class=\"ugb-image-box__item ugb-image-box__item2 ugb-image-box__box ugb--shadow-3\"><div class=\"ugb-image-box__box ugb-image-box__image-wrapper\"><div class=\"ugb-image-box__box ugb-image-box__image\" role=\"img\" aria-label=\" Cours pour adultes et adolescents \"><\/div><\/div><div class=\"ugb-image-box__box ugb-image-box__overlay-hover\"><\/div><div class=\"ugb-image-box__content\"><div class=\"ugb-image-box__header\"><h4 class=\"ugb-image-box__title\"> <br>Cours pour adultes et adolescents <\/h4><\/div><p class=\"ugb-image-box__description\">D\u00e8s 12 ans<\/p><\/div><a class=\"ugb-image-box__overlay-link\" href=\"https:\/\/www.yamaha-music-school-colmar.com\/site\/cours-pour-adolescents-adultes\/\" title=\" Cours pour adultes et adolescents \" aria-label=\" Cours pour adultes et adolescents \"><\/a><\/div><\/div><\/div><\/div>\n\n\n\n<section class=\"wp-block-uagb-section uagb-section__wrap uagb-section__background-image uagb-block-03b32550\"><div class=\"uagb-section__overlay\"><\/div><div class=\"uagb-section__inner-wrap\">\n<div class=\"wp-block-columns has-3-columns is-layout-flex wp-container-core-columns-is-layout-28f84493 wp-block-columns-is-layout-flex\">\n<div class=\"wp-block-column is-layout-flow wp-block-column-is-layout-flow\">\n<div class=\"wp-block-uagb-advanced-heading uagb-block-fdb29a3c ticss-53850d97\"><h4 class=\"uagb-heading-text\"><a href=\"https:\/\/www.yamaha-music-school-colmar.com\/site\/a-propos\/\">A propos<\/a><\/h4><\/div>\n\n\n\n<div class=\"wp-block-uagb-advanced-heading uagb-block-317b55e0\"><h4 class=\"uagb-heading-text\"><a href=\"https:\/\/www.yamaha-music-school-colmar.com\/site\/junior-original-concert\/\">Junior original concert<\/a><\/h4><\/div>\n\n\n\n<div class=\"wp-block-uagb-advanced-heading uagb-block-44e8f01a\"><h4 class=\"uagb-heading-text\"><a href=\"https:\/\/www.yamaha-music-school-colmar.com\/site\/cours-2\/\">Examens de grade<\/a><\/h4><\/div>\n\n\n\n<div class=\"wp-block-uagb-advanced-heading uagb-block-4b2220fd\"><h4 class=\"uagb-heading-text\"> <a href=\"https:\/\/www.yamaha-music-school-colmar.com\/site\/contact\/\">Contact<\/a><\/h4><\/div>\n\n\n\n<div class=\"wp-block-uagb-advanced-heading uagb-block-837087f1\"><h4 class=\"uagb-heading-text\"><a href=\"https:\/\/www.yamaha-music-school-colmar.com\/site\/politique-de-confidentialite\/\">Mentions l\u00e9gales<\/a><\/h4><\/div>\n<\/div>\n\n\n\n<div class=\"wp-block-column is-layout-flow wp-block-column-is-layout-flow\">\n<div class=\"wp-block-uagb-advanced-heading uagb-block-19b7d8f7 ticss-eda529cc\"><h4 class=\"uagb-heading-text\"><a href=\"https:\/\/www.yamaha-music-school-colmar.com\/site\/cours\/\">Nos cours<\/a><\/h4><\/div>\n\n\n\n<div class=\"wp-block-uagb-advanced-heading uagb-block-f80642b2\"><h4 class=\"uagb-heading-text\"><a href=\"https:\/\/www.yamaha-music-school-colmar.com\/site\/cours-pour-enfants\/\">Cours pour enfants<\/a><\/h4><\/div>\n\n\n\n<div class=\"wp-block-uagb-advanced-heading uagb-block-68470c80\"><h4 class=\"uagb-heading-text\"><a href=\"https:\/\/www.yamaha-music-school-colmar.com\/site\/cours-pour-adolescents-adultes\/\">Cours pour Adolescents \/ Adultes<\/a><\/h4><\/div>\n\n\n\n<div class=\"wp-block-uagb-advanced-heading uagb-block-b0bbaff0\"><h4 class=\"uagb-heading-text\"><a href=\"https:\/\/www.yamaha-music-school-colmar.com\/site\/nos-professeurs\/\">Professeurs<\/a><\/h4><\/div>\n\n\n\n<div class=\"wp-block-uagb-advanced-heading uagb-block-bdcf2be5\"><h4 class=\"uagb-heading-text\"><a href=\"https:\/\/www.yamaha-music-school-colmar.com\/site\/contact\/\">Horaires<\/a><\/h4><\/div>\n\n\n\n<p><\/p>\n<\/div>\n\n\n\n<div class=\"wp-block-column is-layout-flow wp-block-column-is-layout-flow\">\n<figure class=\"wp-block-image\"><img loading=\"lazy\" decoding=\"async\" width=\"628\" height=\"141\" src=\"https:\/\/www.yamaha-music-school-colmar.com\/site\/wp-content\/uploads\/2019\/03\/yms_logo_big.png\" alt=\"\" class=\"wp-image-1050\" srcset=\"https:\/\/www.yamaha-music-school-colmar.com\/site\/wp-content\/uploads\/2019\/03\/yms_logo_big.png 628w, https:\/\/www.yamaha-music-school-colmar.com\/site\/wp-content\/uploads\/2019\/03\/yms_logo_big-300x67.png 300w\" sizes=\"auto, (max-width: 628px) 100vw, 628px\" \/><\/figure>\n\n\n\n<div class=\"wp-block-uagb-advanced-heading uagb-block-30119d83\"><h4 class=\"uagb-heading-text\">Contacts<\/h4><\/div>\n\n\n\n<div class=\"wp-block-uagb-icon-list uagb-block-912efb89 uagb-icon-list__outer-wrap uagb-icon-list__layout-vertical uagb-icon-list__icon-at-top\"><div class=\"uagb-icon-list__wrap\">\n<div class=\"wp-block-uagb-icon-list-child uagb-block-648dab71 uagb-icon-list-repeater uagb-icon-list__wrapper\"><span class=\"uagb-icon-list__source-wrap\"><svg xmlns=\"https:\/\/www.w3.org\/2000\/svg\" viewBox=\"0 0 384 512\"><path d=\"M168.3 499.2C116.1 435 0 279.4 0 192C0 85.96 85.96 0 192 0C298 0 384 85.96 384 192C384 279.4 267 435 215.7 499.2C203.4 514.5 180.6 514.5 168.3 499.2H168.3zM192 256C227.3 256 256 227.3 256 192C256 156.7 227.3 128 192 128C156.7 128 128 156.7 128 192C128 227.3 156.7 256 192 256z\"><\/path><\/svg><\/span><span class=\"uagb-icon-list__label\">118, rue Andr\u00e9 KIENER<br>68000 COLMAR<\/span><\/div>\n\n\n\n<div class=\"wp-block-uagb-icon-list-child uagb-block-c8007ba7 uagb-icon-list-repeater uagb-icon-list__wrapper\"><span class=\"uagb-icon-list__source-wrap\"><svg xmlns=\"https:\/\/www.w3.org\/2000\/svg\" viewBox=\"0 0 512 512\"><path d=\"M511.2 387l-23.25 100.8c-3.266 14.25-15.79 24.22-30.46 24.22C205.2 512 0 306.8 0 54.5c0-14.66 9.969-27.2 24.22-30.45l100.8-23.25C139.7-2.602 154.7 5.018 160.8 18.92l46.52 108.5c5.438 12.78 1.77 27.67-8.98 36.45L144.5 207.1c33.98 69.22 90.26 125.5 159.5 159.5l44.08-53.8c8.688-10.78 23.69-14.51 36.47-8.975l108.5 46.51C506.1 357.2 514.6 372.4 511.2 387z\"><\/path><\/svg><\/span><span class=\"uagb-icon-list__label\">06 31 37 44 38 &#8211; 03 89 21 65 90 <\/span><\/div>\n\n\n\n<div class=\"wp-block-uagb-icon-list-child uagb-block-c8b296b7 uagb-icon-list-repeater uagb-icon-list__wrapper\"><span class=\"uagb-icon-list__source-wrap\"><svg xmlns=\"https:\/\/www.w3.org\/2000\/svg\" viewBox=\"0 0 512 512\"><path d=\"M493.6 163c-24.88-19.62-45.5-35.37-164.3-121.6C312.7 29.21 279.7 0 256.4 0H255.6C232.3 0 199.3 29.21 182.6 41.38c-118.8 86.25-139.4 101.1-164.3 121.6C6.75 172 0 186 0 200.8v263.2C0 490.5 21.49 512 48 512h416c26.51 0 48-21.49 48-47.1V200.8C512 186 505.3 172 493.6 163zM303.2 367.5C289.1 378.5 272.5 384 256 384s-33.06-5.484-47.16-16.47L64 254.9V208.5c21.16-16.59 46.48-35.66 156.4-115.5c3.18-2.328 6.891-5.187 10.98-8.353C236.9 80.44 247.8 71.97 256 66.84c8.207 5.131 19.14 13.6 24.61 17.84c4.09 3.166 7.801 6.027 11.15 8.478C400.9 172.5 426.6 191.7 448 208.5v46.32L303.2 367.5z\"><\/path><\/svg><\/span><span class=\"uagb-icon-list__label\"><a href=\"mailto:ymscolmar@gmail.com\">ymscolmar@gmail.com <\/a> <\/span><\/div>\n<\/div><\/div>\n<\/div>\n<\/div>\n\n\n\n<div style=\"height:30px\" aria-hidden=\"true\" class=\"wp-block-spacer\"><\/div>\n\n\n\n<hr class=\"wp-block-separator has-css-opacity is-style-wide\"\/>\n\n\n\n<div style=\"height:20px\" aria-hidden=\"true\" class=\"wp-block-spacer\"><\/div>\n\n\n\n<p><\/p>\n<\/div><\/section>\n","protected":false},"excerpt":{"rendered":"<p>Nos cours Les \u00e9l\u00e8ves inscrits dans la Yamaha Music School de Colmar exp\u00e9rimentent la philosophie \u00abla pratique avant la th\u00e9orie \u00bb. Notre \u00e9quipe exp\u00e9riment\u00e9e s\u2019adapte aux besoins des \u00e9l\u00e8ves, et accompagne chacun d\u2019entre eux dans leur cr\u00e9ativit\u00e9. Le syst\u00e8me d\u2019\u00e9ducation musicale Yamaha couvre une grande vari\u00e9t\u00e9 de genres musicaux, et s\u2019adresse aux \u00e9l\u00e8ves de tous [&hellip;]<\/p>\n","protected":false},"author":1,"featured_media":0,"parent":0,"menu_order":0,"comment_status":"closed","ping_status":"closed","template":"","meta":{"_uag_custom_page_level_css":"","site-sidebar-layout":"no-sidebar","site-content-layout":"page-builder","ast-site-content-layout":"full-width-container","site-content-style":"unboxed","site-sidebar-style":"unboxed","ast-global-header-display":"","ast-banner-title-visibility":"","ast-main-header-display":"","ast-hfb-above-header-display":"","ast-hfb-below-header-display":"","ast-hfb-mobile-header-display":"","site-post-title":"disabled","ast-breadcrumbs-content":"","ast-featured-img":"disabled","footer-sml-layout":"","theme-transparent-header-meta":"enabled","adv-header-id-meta":"","stick-header-meta":"","header-above-stick-meta":"","header-main-stick-meta":"","header-below-stick-meta":"","astra-migrate-meta-layouts":"set","ast-page-background-enabled":"default","ast-page-background-meta":{"desktop":{"background-color":"","background-image":"","background-repeat":"repeat","background-position":"center center","background-size":"auto","background-attachment":"scroll","background-type":"","background-media":"","overlay-type":"","overlay-color":"","overlay-opacity":"","overlay-gradient":""},"tablet":{"background-color":"","background-image":"","background-repeat":"repeat","background-position":"center center","background-size":"auto","background-attachment":"scroll","background-type":"","background-media":"","overlay-type":"","overlay-color":"","overlay-opacity":"","overlay-gradient":""},"mobile":{"background-color":"","background-image":"","background-repeat":"repeat","background-position":"center center","background-size":"auto","background-attachment":"scroll","background-type":"","background-media":"","overlay-type":"","overlay-color":"","overlay-opacity":"","overlay-gradient":""}},"ast-content-background-meta":{"desktop":{"background-color":"var(--ast-global-color-5)","background-image":"","background-repeat":"repeat","background-position":"center center","background-size":"auto","background-attachment":"scroll","background-type":"","background-media":"","overlay-type":"","overlay-color":"","overlay-opacity":"","overlay-gradient":""},"tablet":{"background-color":"var(--ast-global-color-5)","background-image":"","background-repeat":"repeat","background-position":"center center","background-size":"auto","background-attachment":"scroll","background-type":"","background-media":"","overlay-type":"","overlay-color":"","overlay-opacity":"","overlay-gradient":""},"mobile":{"background-color":"var(--ast-global-color-5)","background-image":"","background-repeat":"repeat","background-position":"center center","background-size":"auto","background-attachment":"scroll","background-type":"","background-media":"","overlay-type":"","overlay-color":"","overlay-opacity":"","overlay-gradient":""}},"_themeisle_gutenberg_block_has_review":false,"footnotes":""},"class_list":["post-1123","page","type-page","status-publish","hentry"],"featured_image_urls_v2":{"full":"","thumbnail":"","medium":"","medium_large":"","large":"","1536x1536":"","2048x2048":""},"post_excerpt_stackable_v2":"<p>Image Slider 2COURS Nos cours Les \u00e9l\u00e8ves inscrits dans la Yamaha Music School de Colmar exp\u00e9rimentent la philosophie \u00abla pratique avant la th\u00e9orie \u00bb. Notre \u00e9quipe exp\u00e9riment\u00e9e s\u2019adapte aux besoins des \u00e9l\u00e8ves, et accompagne chacun d\u2019entre eux dans leur cr\u00e9ativit\u00e9. Le syst\u00e8me d\u2019\u00e9ducation musicale Yamaha couvre une grande vari\u00e9t\u00e9 de genres musicaux, et s\u2019adresse aux \u00e9l\u00e8ves de tous \u00e2ges. En plus de ces cours, nous vous proposons des cours de musiques compl\u00e9mentaires dont vous trouverez le d\u00e9tail ici Contact 06 31 37 44 3803 89 21 65 90 ymscolmar@gmail.com Adresse 118, rue Andr\u00e9 KIENER68000 COLMAR Horaires Cours pour enfantsD\u00e8s 4\u2026<\/p>\n","category_list_v2":"","author_info_v2":{"name":"YMS COLMAR","url":"https:\/\/www.yamaha-music-school-colmar.com\/site\/author\/jmgc59\/"},"comments_num_v2":"0 commentaire","uagb_featured_image_src":{"full":false,"thumbnail":false,"medium":false,"medium_large":false,"large":false,"1536x1536":false,"2048x2048":false},"uagb_author_info":{"display_name":"YMS COLMAR","author_link":"https:\/\/www.yamaha-music-school-colmar.com\/site\/author\/jmgc59\/"},"uagb_comment_info":0,"uagb_excerpt":"Nos cours Les \u00e9l\u00e8ves inscrits dans la Yamaha Music School de Colmar exp\u00e9rimentent la philosophie \u00abla pratique avant la th\u00e9orie \u00bb. Notre \u00e9quipe exp\u00e9riment\u00e9e s\u2019adapte aux besoins des \u00e9l\u00e8ves, et accompagne chacun d\u2019entre eux dans leur cr\u00e9ativit\u00e9. Le syst\u00e8me d\u2019\u00e9ducation musicale Yamaha couvre une grande vari\u00e9t\u00e9 de genres musicaux, et s\u2019adresse aux \u00e9l\u00e8ves de tous\u2026","_links":{"self":[{"href":"https:\/\/www.yamaha-music-school-colmar.com\/site\/wp-json\/wp\/v2\/pages\/1123","targetHints":{"allow":["GET"]}}],"collection":[{"href":"https:\/\/www.yamaha-music-school-colmar.com\/site\/wp-json\/wp\/v2\/pages"}],"about":[{"href":"https:\/\/www.yamaha-music-school-colmar.com\/site\/wp-json\/wp\/v2\/types\/page"}],"author":[{"embeddable":true,"href":"https:\/\/www.yamaha-music-school-colmar.com\/site\/wp-json\/wp\/v2\/users\/1"}],"replies":[{"embeddable":true,"href":"https:\/\/www.yamaha-music-school-colmar.com\/site\/wp-json\/wp\/v2\/comments?post=1123"}],"version-history":[{"count":24,"href":"https:\/\/www.yamaha-music-school-colmar.com\/site\/wp-json\/wp\/v2\/pages\/1123\/revisions"}],"predecessor-version":[{"id":2830,"href":"https:\/\/www.yamaha-music-school-colmar.com\/site\/wp-json\/wp\/v2\/pages\/1123\/revisions\/2830"}],"wp:attachment":[{"href":"https:\/\/www.yamaha-music-school-colmar.com\/site\/wp-json\/wp\/v2\/media?parent=1123"}],"curies":[{"name":"wp","href":"https:\/\/api.w.org\/{rel}","templated":true}]}}