{"id":1067,"date":"2019-03-16T14:55:03","date_gmt":"2019-03-16T13:55:03","guid":{"rendered":"http:\/\/www.yamaha-music-school-colmar.com\/site\/?page_id=1067"},"modified":"2025-12-05T16:40:38","modified_gmt":"2025-12-05T15:40:38","slug":"tarifs","status":"publish","type":"page","link":"https:\/\/www.yamaha-music-school-colmar.com\/site\/tarifs\/","title":{"rendered":"TARIFS"},"content":{"rendered":"<div class=\"n2_clear\"><ss3-force-full-width data-overflow-x=\"body\" data-horizontal-selector=\"body\"><div class=\"n2-section-smartslider fitvidsignore  n2_clear\" data-ssid=\"7\"><div id=\"n2-ss-7-align\" class=\"n2-ss-align\"><div class=\"n2-padding\"><div id=\"n2-ss-7\" data-creator=\"Smart Slider 3\" data-responsive=\"fullwidth\" class=\"n2-ss-slider n2-ow n2-has-hover n2notransition  \">\n        <div class=\"n2-ss-slider-1 n2_ss__touch_element n2-ow\">\n            <div class=\"n2-ss-slider-2 n2-ow\">\n                                                <div class=\"n2-ss-slider-3 n2-ow\">\n\n                    <div class=\"n2-ss-slide-backgrounds n2-ow-all\"><div class=\"n2-ss-slide-background\" data-public-id=\"1\" data-mode=\"fill\"><div class=\"n2-ss-slide-background-image\" data-blur=\"0\" data-opacity=\"100\" data-x=\"50\" data-y=\"50\" data-alt=\"\" data-title=\"\"><picture class=\"skip-lazy\" data-skip-lazy=\"1\"><img decoding=\"async\" src=\"\/\/www.yamaha-music-school-colmar.com\/site\/wp-content\/uploads\/2019\/04\/Tarifs.jpg\" alt=\"\" title=\"\" loading=\"lazy\" class=\"skip-lazy\" data-skip-lazy=\"1\"><\/picture><\/div><div data-color=\"RGBA(255,255,255,0)\" style=\"background-color: RGBA(255,255,255,0);\" class=\"n2-ss-slide-background-color\"><\/div><\/div><\/div>                    <div class=\"n2-ss-slider-4 n2-ow\">\n                        <svg xmlns=\"http:\/\/www.w3.org\/2000\/svg\" viewBox=\"0 0 1200 600\" data-related-device=\"desktopPortrait\" class=\"n2-ow n2-ss-preserve-size n2-ss-preserve-size--slider n2-ss-slide-limiter\"><\/svg><div data-first=\"1\" data-slide-duration=\"0\" data-id=\"32\" data-slide-public-id=\"1\" data-title=\"Image Slider 2\" class=\"n2-ss-slide n2-ow  n2-ss-slide-32\"><div role=\"note\" class=\"n2-ss-slide--focus\" tabindex=\"-1\">Image Slider 2<\/div><div class=\"n2-ss-layers-container n2-ss-slide-limiter n2-ow\"><div class=\"n2-ss-layer n2-ow n-uc-8sUt86u1LEFe\" data-sstype=\"slide\" data-pm=\"default\"><div class=\"n2-ss-layer n2-ow n-uc-YNe86wJzgZjL\" data-pm=\"default\" data-sstype=\"content\" data-hasbackground=\"1\"><div class=\"n2-ss-section-main-content n2-ss-layer-with-background n2-ss-layer-content n2-ow n-uc-YNe86wJzgZjL-inner\"><div class=\"n2-ss-layer n2-ow n-uc-jyttvYl1v5T1\" data-pm=\"normal\" data-sstype=\"layer\"><div class=\"n2-ss-item-content n2-ss-text n2-ow-all\"><div class=\"\"><p class=\"n2-font-0cef874d05ddf298a261bde444ab9f44-paragraph   \">TARIF<\/p>\n<\/div><\/div><\/div><div class=\"n2-ss-layer n2-ow n2-ss-layer--block n2-ss-has-self-align n-uc-nSFfcjEJcmbN\" data-pm=\"normal\" data-sstype=\"row\"><div class=\"n2-ss-layer-row n2-ss-layer-with-background n-uc-nSFfcjEJcmbN-inner\"><div class=\"n2-ss-layer-row-inner \"><div class=\"n2-ss-layer n2-ow n-uc-m6dHBwYUFhXI\" data-pm=\"default\" data-sstype=\"col\"><div class=\"n2-ss-layer-col n2-ss-layer-with-background n2-ss-layer-content n-uc-m6dHBwYUFhXI-inner\"><\/div><\/div><div class=\"n2-ss-layer n2-ow n-uc-S7soHHE60ZHk\" data-pm=\"default\" data-sstype=\"col\"><div class=\"n2-ss-layer-col n2-ss-layer-with-background n2-ss-layer-content n-uc-S7soHHE60ZHk-inner\"><\/div><\/div><\/div><\/div><\/div><\/div><\/div><\/div><\/div><\/div>                    <\/div>\n\n                                    <\/div>\n            <\/div>\n        <\/div>\n        <\/div><ss3-loader><\/ss3-loader><\/div><\/div><div class=\"n2_clear\"><\/div><\/div><\/ss3-force-full-width><\/div>\n\n\n<div class=\"wp-block-uagb-restaurant-menu uagb-block-04f52ecd uagb-rm__desk-column-3 uagb-rm__tablet-column-2 uagb-rm__mobile-column-1\">\n<div class=\"wp-block-uagb-restaurant-menu-child uagb-rest_menu__wrap\"><div class=\"uagb-rm__content\"><img decoding=\"async\" class=\"\" src=\"https:\/\/www.yamaha-music-school-colmar.com\/site\/wp-content\/uploads\/2019\/03\/jmc-300x230.jpg\" alt=\"\" width=\"100\" height=\"76\" loading=\"lazy\"\/><div class=\"uagb-rm-details\"><h4 class=\"uagb-rm__title\">Cours collectifs 1 heure<\/h4><div class=\"uagb-rm__desc\">Forfait mensuel<\/div><\/div><span class=\"uagb-rm__price\"><strong>83.00 \u20ac TTC par mois*<\/strong><\/span><\/div><div class=\"uagb-rm__separator\"><\/div><\/div>\n\n\n\n<div class=\"wp-block-uagb-restaurant-menu-child uagb-rest_menu__wrap\"><div class=\"uagb-rm__content\"><img decoding=\"async\" class=\"\" src=\"https:\/\/www.yamaha-music-school-colmar.com\/site\/wp-content\/uploads\/2019\/03\/piano-adults-300x230.jpg\" alt=\"\" width=\"100\" height=\"76\" loading=\"lazy\"\/><div class=\"uagb-rm-details\"><h4 class=\"uagb-rm__title\"> Cours individuel 30 mn<\/h4><div class=\"uagb-rm__desc\">Forfait mensuel<\/div><\/div><span class=\"uagb-rm__price\"><strong>101.00 \u20ac TTC par mois*<\/strong><\/span><\/div><div class=\"uagb-rm__separator\"><\/div><\/div>\n\n\n\n<div class=\"wp-block-uagb-restaurant-menu-child uagb-rest_menu__wrap\"><div class=\"uagb-rm__content\"><img decoding=\"async\" class=\"\" src=\"https:\/\/www.yamaha-music-school-colmar.com\/site\/wp-content\/uploads\/2019\/03\/courses-kids-300x230.jpg\" alt=\"\" width=\"100\" height=\"76\" loading=\"lazy\"\/><div class=\"uagb-rm-details\"><h4 class=\"uagb-rm__title\">Frais d&rsquo;inscription<\/h4><div class=\"uagb-rm__desc\">A l&rsquo;inscription<\/div><\/div><span class=\"uagb-rm__price\"> <strong>37.00 \u20ac TTC*<\/strong><\/span><\/div><div class=\"uagb-rm__separator\"><\/div><\/div>\n<\/div>\n\n\n\n<p> (*) tarifs au forfait donn\u00e9s pour 35 cours annuels selon calendrier et Conditions G\u00e9n\u00e9rales  <\/p>\n\n\n\n<div id=\"wp-block-themeisle-blocks-advanced-columns-e8053027\" class=\"wp-block-themeisle-blocks-advanced-columns has-2-columns has-desktop-equal-layout has-tablet-equal-layout has-mobile-collapsedRows-layout has-vertical-unset\"><div class=\"wp-block-themeisle-blocks-advanced-columns-overlay\"><\/div><div class=\"innerblocks-wrap\">\n<div id=\"wp-block-themeisle-blocks-advanced-column-34b26294\" class=\"wp-block-themeisle-blocks-advanced-column\">\n<p><strong>Tarifs<\/strong><\/p>\n\n\n\n<p>Veuillez-trouver ici les informations de dur\u00e9e et de tarifs\ndes cours<\/p>\n\n\n\n<p><a href=\"https:\/\/www.yamaha-music-school-colmar.com\/site\/wp-content\/uploads\/2020\/04\/CALENDRIER-MODIFIE-CRISE-2020-V250420.jpg\"><\/a><a href=\"https:\/\/www.yamaha-music-school-colmar.com\/site\/wp-content\/uploads\/2020\/04\/CALENDRIER-MODIFIE-CRISE-2020-V250420.jpg\"><\/a><a href=\"https:\/\/www.yamaha-music-school-colmar.com\/site\/wp-content\/uploads\/2020\/04\/CALENDRIER-MODIFIE-CRISE-2020-V250420.jpg\"><\/a><a href=\"https:\/\/www.yamaha-music-school-colmar.com\/site\/wp-content\/uploads\/2020\/04\/CALENDRIER-MODIFIE-CRISE-2020-V250420.jpg\"><\/a><a href=\"https:\/\/www.yamaha-music-school-colmar.com\/site\/wp-content\/uploads\/2019\/04\/Tarifs-2019-2020.pdf\"><\/a><a href=\"https:\/\/www.yamaha-music-school-colmar.com\/site\/wp-content\/uploads\/2025\/05\/Tarifs-2025-2026.pdf\" target=\"_blank\" rel=\"noreferrer noopener\">Cliquer ici pour t\u00e9l\u00e9charger les tarifs<\/a><a href=\"https:\/\/www.yamaha-music-school-colmar.com\/site\/wp-content\/uploads\/2020\/06\/Tarifs-2020-2021.pdf\"> <\/a><\/p>\n\n\n\n<p>Le logiciel Adobe Acrobate Reader (gratuit) est n\u00e9cessaire\npour lire ce document.<\/p>\n\n\n\n<p><strong>Int\u00e9ress\u00e9&nbsp;par un cours de d\u00e9couverte gratuit et sans engagement&nbsp;?<\/strong><\/p>\n\n\n\n<p><a href=\"https:\/\/www.yamaha-music-school-colmar.com\/site\/contact\">Cliquer ici pour vous inscrire \u00e0 un cours d\u00e9couverte, gratuit et sans engagement<\/a><\/p>\n<\/div>\n\n\n\n<div id=\"wp-block-themeisle-blocks-advanced-column-3311187f\" class=\"wp-block-themeisle-blocks-advanced-column\">\n<h4 class=\"wp-block-heading\" id=\"mce_1\">Contact<\/h4>\n\n\n\n<ul class=\"wp-block-list\">\n<li>06 31 37 44 38 &#8211; <strong>03 89 21 65 90<\/strong><\/li>\n\n\n\n<li>ymscolmar@gmail.com<\/li>\n<\/ul>\n\n\n\n<div class=\"wp-block-uagb-call-to-action uagb-block-2b2f3784 wp-block-button uagb-cta__outer-wrap\"><div class=\"uagb-cta__wrap\"><h3 class=\"uagb-cta__title\">Adresse<\/h3><p class=\"uagb-cta__desc\"> <br>118, rue Andr\u00e9 KIENER<a href=\"https:\/\/www.yamaha-music-school-colmar.com\/site\/wp-admin\/contact.html\"><br>68000 COLMAR<\/a> <\/p><\/div><div class=\"uagb-cta__buttons\"><a href=\"#\" class=\"uagb-cta__button-link-wrapper wp-block-button__link\" target=\"_self\" rel=\"noopener noreferrer\"><svg xmlns=\"https:\/\/www.w3.org\/2000\/svg\" viewBox=\"0 0 512 512\"><path d=\"M256 32.86L32.86 256 256 479.1 479.1 256 256 32.86zM88.34 255.8c1.96-2 11.92-12.3 96.49-97.48 41.45-41.75 86.19-43.77 119.8-18.69 24.63 18.4 62.06 58.9 62.15 59 .68 .74 1.07 2.86 .58 3.38-11.27 11.84-22.68 23.54-33.5 34.69-34.21-32.31-40.52-38.24-48.51-43.95-17.77-12.69-41.4-10.13-56.98 5.1-2.17 2.13-1.79 3.43 .12 5.35 2.94 2.95 28.1 28.33 35.09 35.78-11.95 11.6-23.66 22.97-35.69 34.66-12.02-12.54-24.48-25.53-36.54-38.11-21.39 21.09-41.69 41.11-61.85 60.99zm234.8 101.6c-35.49 35.43-78.09 38.14-106.1 20.47-22.08-13.5-39.38-32.08-72.93-66.84 12.05-12.37 23.79-24.42 35.37-36.31 33.02 31.91 37.06 36.01 44.68 42.09 18.48 14.74 42.52 13.67 59.32-1.8 3.68-3.39 3.69-3.64 .14-7.24-10.59-10.73-21.19-21.44-31.77-32.18-1.32-1.34-3.03-2.48-.8-4.69 10.79-10.71 21.48-21.52 32.21-32.29 .26-.26 .65-.38 1.91-1.07 12.37 12.87 24.92 25.92 37.25 38.75 21.01-20.73 41.24-40.68 61.25-60.42 13.68 13.4 27.13 26.58 40.86 40.03-20.17 20.86-81.68 82.71-100.5 101.5zM256 0L0 256l256 256 256-256L256 0zM16 256L256 16l240 240-240 240L16 256z\"><\/path><\/svg>Horaires<\/a><\/div><\/div>\n\n\n\n<p><\/p>\n<\/div>\n<\/div><\/div>\n\n\n\n<p class=\"has-text-align-center\">Toutes les informations sont sujettes \u00e0 modifications.<\/p>\n\n\n\n<h2 class=\"wp-block-heading has-text-align-center\">Calendrier 2025\/2026<\/h2>\n\n\n\n<div style=\"height:29px\" aria-hidden=\"true\" class=\"wp-block-spacer\"><\/div>\n\n\n\n<figure class=\"wp-block-image aligncenter size-full is-resized\"><img loading=\"lazy\" decoding=\"async\" width=\"2159\" height=\"1394\" src=\"https:\/\/www.yamaha-music-school-colmar.com\/site\/wp-content\/uploads\/2025\/08\/Calendrier-2025_26_YMSCOLMAR.jpg\" alt=\"\" class=\"wp-image-2780\" style=\"width:974px;height:auto\" srcset=\"https:\/\/www.yamaha-music-school-colmar.com\/site\/wp-content\/uploads\/2025\/08\/Calendrier-2025_26_YMSCOLMAR.jpg 2159w, https:\/\/www.yamaha-music-school-colmar.com\/site\/wp-content\/uploads\/2025\/08\/Calendrier-2025_26_YMSCOLMAR-300x194.jpg 300w, https:\/\/www.yamaha-music-school-colmar.com\/site\/wp-content\/uploads\/2025\/08\/Calendrier-2025_26_YMSCOLMAR-1024x661.jpg 1024w, https:\/\/www.yamaha-music-school-colmar.com\/site\/wp-content\/uploads\/2025\/08\/Calendrier-2025_26_YMSCOLMAR-768x496.jpg 768w, https:\/\/www.yamaha-music-school-colmar.com\/site\/wp-content\/uploads\/2025\/08\/Calendrier-2025_26_YMSCOLMAR-1536x992.jpg 1536w, https:\/\/www.yamaha-music-school-colmar.com\/site\/wp-content\/uploads\/2025\/08\/Calendrier-2025_26_YMSCOLMAR-2048x1322.jpg 2048w\" sizes=\"auto, (max-width: 2159px) 100vw, 2159px\" \/><\/figure>\n\n\n\n<section class=\"wp-block-uagb-section uagb-section__wrap uagb-section__background-image uagb-block-03b32550\"><div class=\"uagb-section__overlay\"><\/div><div class=\"uagb-section__inner-wrap\">\n<div class=\"wp-block-columns has-3-columns is-layout-flex wp-container-core-columns-is-layout-28f84493 wp-block-columns-is-layout-flex\">\n<div class=\"wp-block-column is-layout-flow wp-block-column-is-layout-flow\">\n<div class=\"wp-block-uagb-advanced-heading uagb-block-fdb29a3c ticss-53850d97\"><h4 class=\"uagb-heading-text\"><a href=\"https:\/\/www.yamaha-music-school-colmar.com\/site\/a-propos\/\">A propos<\/a><\/h4><\/div>\n\n\n\n<div class=\"wp-block-uagb-advanced-heading uagb-block-317b55e0\"><h4 class=\"uagb-heading-text\"><a href=\"https:\/\/www.yamaha-music-school-colmar.com\/site\/junior-original-concert\/\">Junior original concert<\/a><\/h4><\/div>\n\n\n\n<div class=\"wp-block-uagb-advanced-heading uagb-block-44e8f01a\"><h4 class=\"uagb-heading-text\"><a href=\"https:\/\/www.yamaha-music-school-colmar.com\/site\/cours-2\/\">Examens de grade<\/a><\/h4><\/div>\n\n\n\n<div class=\"wp-block-uagb-advanced-heading uagb-block-4b2220fd\"><h4 class=\"uagb-heading-text\"> <a href=\"https:\/\/www.yamaha-music-school-colmar.com\/site\/contact\/\">Contact<\/a><\/h4><\/div>\n\n\n\n<div class=\"wp-block-uagb-advanced-heading uagb-block-837087f1\"><h4 class=\"uagb-heading-text\"><a href=\"https:\/\/www.yamaha-music-school-colmar.com\/site\/politique-de-confidentialite\/\">Mentions l\u00e9gales<\/a><\/h4><\/div>\n<\/div>\n\n\n\n<div class=\"wp-block-column is-layout-flow wp-block-column-is-layout-flow\">\n<div class=\"wp-block-uagb-advanced-heading uagb-block-19b7d8f7 ticss-eda529cc\"><h4 class=\"uagb-heading-text\"><a href=\"https:\/\/www.yamaha-music-school-colmar.com\/site\/cours\/\">Nos cours<\/a><\/h4><\/div>\n\n\n\n<div class=\"wp-block-uagb-advanced-heading uagb-block-f80642b2\"><h4 class=\"uagb-heading-text\"><a href=\"https:\/\/www.yamaha-music-school-colmar.com\/site\/cours-pour-enfants\/\">Cours pour enfants<\/a><\/h4><\/div>\n\n\n\n<div class=\"wp-block-uagb-advanced-heading uagb-block-68470c80\"><h4 class=\"uagb-heading-text\"><a href=\"https:\/\/www.yamaha-music-school-colmar.com\/site\/cours-pour-adolescents-adultes\/\">Cours pour Adolescents \/ Adultes<\/a><\/h4><\/div>\n\n\n\n<div class=\"wp-block-uagb-advanced-heading uagb-block-b0bbaff0\"><h4 class=\"uagb-heading-text\"><a href=\"https:\/\/www.yamaha-music-school-colmar.com\/site\/nos-professeurs\/\">Professeurs<\/a><\/h4><\/div>\n\n\n\n<div class=\"wp-block-uagb-advanced-heading uagb-block-bdcf2be5\"><h4 class=\"uagb-heading-text\"><a href=\"https:\/\/www.yamaha-music-school-colmar.com\/site\/contact\/\">Horaires<\/a><\/h4><\/div>\n\n\n\n<p><\/p>\n<\/div>\n\n\n\n<div class=\"wp-block-column is-layout-flow wp-block-column-is-layout-flow\">\n<figure class=\"wp-block-image\"><img loading=\"lazy\" decoding=\"async\" width=\"628\" height=\"141\" src=\"https:\/\/www.yamaha-music-school-colmar.com\/site\/wp-content\/uploads\/2019\/03\/yms_logo_big.png\" alt=\"\" class=\"wp-image-1050\" srcset=\"https:\/\/www.yamaha-music-school-colmar.com\/site\/wp-content\/uploads\/2019\/03\/yms_logo_big.png 628w, https:\/\/www.yamaha-music-school-colmar.com\/site\/wp-content\/uploads\/2019\/03\/yms_logo_big-300x67.png 300w\" sizes=\"auto, (max-width: 628px) 100vw, 628px\" \/><\/figure>\n\n\n\n<div class=\"wp-block-uagb-advanced-heading uagb-block-30119d83\"><h4 class=\"uagb-heading-text\">Contacts<\/h4><\/div>\n\n\n\n<div class=\"wp-block-uagb-icon-list uagb-block-912efb89 uagb-icon-list__outer-wrap uagb-icon-list__layout-vertical uagb-icon-list__icon-at-top\"><div class=\"uagb-icon-list__wrap\">\n<div class=\"wp-block-uagb-icon-list-child uagb-block-648dab71 uagb-icon-list-repeater uagb-icon-list__wrapper\"><span class=\"uagb-icon-list__source-wrap\"><svg xmlns=\"https:\/\/www.w3.org\/2000\/svg\" viewBox=\"0 0 384 512\"><path d=\"M168.3 499.2C116.1 435 0 279.4 0 192C0 85.96 85.96 0 192 0C298 0 384 85.96 384 192C384 279.4 267 435 215.7 499.2C203.4 514.5 180.6 514.5 168.3 499.2H168.3zM192 256C227.3 256 256 227.3 256 192C256 156.7 227.3 128 192 128C156.7 128 128 156.7 128 192C128 227.3 156.7 256 192 256z\"><\/path><\/svg><\/span><span class=\"uagb-icon-list__label\">118, rue Andr\u00e9 KIENER<br>68000 COLMAR<\/span><\/div>\n\n\n\n<div class=\"wp-block-uagb-icon-list-child uagb-block-c8007ba7 uagb-icon-list-repeater uagb-icon-list__wrapper\"><span class=\"uagb-icon-list__source-wrap\"><svg xmlns=\"https:\/\/www.w3.org\/2000\/svg\" viewBox=\"0 0 512 512\"><path d=\"M511.2 387l-23.25 100.8c-3.266 14.25-15.79 24.22-30.46 24.22C205.2 512 0 306.8 0 54.5c0-14.66 9.969-27.2 24.22-30.45l100.8-23.25C139.7-2.602 154.7 5.018 160.8 18.92l46.52 108.5c5.438 12.78 1.77 27.67-8.98 36.45L144.5 207.1c33.98 69.22 90.26 125.5 159.5 159.5l44.08-53.8c8.688-10.78 23.69-14.51 36.47-8.975l108.5 46.51C506.1 357.2 514.6 372.4 511.2 387z\"><\/path><\/svg><\/span><span class=\"uagb-icon-list__label\">06 31 37 44 38 &#8211; 03 89 21 65 90 <\/span><\/div>\n\n\n\n<div class=\"wp-block-uagb-icon-list-child uagb-block-c8b296b7 uagb-icon-list-repeater uagb-icon-list__wrapper\"><span class=\"uagb-icon-list__source-wrap\"><svg xmlns=\"https:\/\/www.w3.org\/2000\/svg\" viewBox=\"0 0 512 512\"><path d=\"M493.6 163c-24.88-19.62-45.5-35.37-164.3-121.6C312.7 29.21 279.7 0 256.4 0H255.6C232.3 0 199.3 29.21 182.6 41.38c-118.8 86.25-139.4 101.1-164.3 121.6C6.75 172 0 186 0 200.8v263.2C0 490.5 21.49 512 48 512h416c26.51 0 48-21.49 48-47.1V200.8C512 186 505.3 172 493.6 163zM303.2 367.5C289.1 378.5 272.5 384 256 384s-33.06-5.484-47.16-16.47L64 254.9V208.5c21.16-16.59 46.48-35.66 156.4-115.5c3.18-2.328 6.891-5.187 10.98-8.353C236.9 80.44 247.8 71.97 256 66.84c8.207 5.131 19.14 13.6 24.61 17.84c4.09 3.166 7.801 6.027 11.15 8.478C400.9 172.5 426.6 191.7 448 208.5v46.32L303.2 367.5z\"><\/path><\/svg><\/span><span class=\"uagb-icon-list__label\"><a href=\"mailto:ymscolmar@gmail.com\">ymscolmar@gmail.com <\/a> <\/span><\/div>\n<\/div><\/div>\n<\/div>\n<\/div>\n\n\n\n<div style=\"height:30px\" aria-hidden=\"true\" class=\"wp-block-spacer\"><\/div>\n\n\n\n<hr class=\"wp-block-separator has-css-opacity is-style-wide\"\/>\n\n\n\n<div style=\"height:20px\" aria-hidden=\"true\" class=\"wp-block-spacer\"><\/div>\n\n\n\n<p><\/p>\n<\/div><\/section>\n","protected":false},"excerpt":{"rendered":"<p>(*) tarifs au forfait donn\u00e9s pour 35 cours annuels selon calendrier et Conditions G\u00e9n\u00e9rales Toutes les informations sont sujettes \u00e0 modifications. Calendrier 2025\/2026<\/p>\n","protected":false},"author":1,"featured_media":0,"parent":0,"menu_order":0,"comment_status":"closed","ping_status":"closed","template":"","meta":{"_uag_custom_page_level_css":"","site-sidebar-layout":"no-sidebar","site-content-layout":"page-builder","ast-site-content-layout":"full-width-container","site-content-style":"unboxed","site-sidebar-style":"unboxed","ast-global-header-display":"","ast-banner-title-visibility":"","ast-main-header-display":"","ast-hfb-above-header-display":"","ast-hfb-below-header-display":"","ast-hfb-mobile-header-display":"","site-post-title":"disabled","ast-breadcrumbs-content":"","ast-featured-img":"disabled","footer-sml-layout":"","theme-transparent-header-meta":"enabled","adv-header-id-meta":"","stick-header-meta":"","header-above-stick-meta":"","header-main-stick-meta":"","header-below-stick-meta":"","astra-migrate-meta-layouts":"set","ast-page-background-enabled":"default","ast-page-background-meta":{"desktop":{"background-color":"","background-image":"","background-repeat":"repeat","background-position":"center center","background-size":"auto","background-attachment":"scroll","background-type":"","background-media":"","overlay-type":"","overlay-color":"","overlay-opacity":"","overlay-gradient":""},"tablet":{"background-color":"","background-image":"","background-repeat":"repeat","background-position":"center center","background-size":"auto","background-attachment":"scroll","background-type":"","background-media":"","overlay-type":"","overlay-color":"","overlay-opacity":"","overlay-gradient":""},"mobile":{"background-color":"","background-image":"","background-repeat":"repeat","background-position":"center center","background-size":"auto","background-attachment":"scroll","background-type":"","background-media":"","overlay-type":"","overlay-color":"","overlay-opacity":"","overlay-gradient":""}},"ast-content-background-meta":{"desktop":{"background-color":"var(--ast-global-color-5)","background-image":"","background-repeat":"repeat","background-position":"center center","background-size":"auto","background-attachment":"scroll","background-type":"","background-media":"","overlay-type":"","overlay-color":"","overlay-opacity":"","overlay-gradient":""},"tablet":{"background-color":"var(--ast-global-color-5)","background-image":"","background-repeat":"repeat","background-position":"center center","background-size":"auto","background-attachment":"scroll","background-type":"","background-media":"","overlay-type":"","overlay-color":"","overlay-opacity":"","overlay-gradient":""},"mobile":{"background-color":"var(--ast-global-color-5)","background-image":"","background-repeat":"repeat","background-position":"center center","background-size":"auto","background-attachment":"scroll","background-type":"","background-media":"","overlay-type":"","overlay-color":"","overlay-opacity":"","overlay-gradient":""}},"_themeisle_gutenberg_block_has_review":false,"footnotes":""},"class_list":["post-1067","page","type-page","status-publish","hentry"],"featured_image_urls_v2":{"full":"","thumbnail":"","medium":"","medium_large":"","large":"","1536x1536":"","2048x2048":""},"post_excerpt_stackable_v2":"<p>Image Slider 2TARIF Cours collectifs 1 heureForfait mensuel83.00 \u20ac TTC par mois* Cours individuel 30 mnForfait mensuel101.00 \u20ac TTC par mois* Frais d&rsquo;inscriptionA l&rsquo;inscription 37.00 \u20ac TTC* (*) tarifs au forfait donn\u00e9s pour 35 cours annuels selon calendrier et Conditions G\u00e9n\u00e9rales Tarifs Veuillez-trouver ici les informations de dur\u00e9e et de tarifs des cours Cliquer ici pour t\u00e9l\u00e9charger les tarifs Le logiciel Adobe Acrobate Reader (gratuit) est n\u00e9cessaire pour lire ce document. Int\u00e9ress\u00e9&nbsp;par un cours de d\u00e9couverte gratuit et sans engagement&nbsp;? Cliquer ici pour vous inscrire \u00e0 un cours d\u00e9couverte, gratuit et sans engagement Contact 06 31 37 44 38 &#8211;\u2026<\/p>\n","category_list_v2":"","author_info_v2":{"name":"YMS COLMAR","url":"https:\/\/www.yamaha-music-school-colmar.com\/site\/author\/jmgc59\/"},"comments_num_v2":"0 commentaire","uagb_featured_image_src":{"full":false,"thumbnail":false,"medium":false,"medium_large":false,"large":false,"1536x1536":false,"2048x2048":false},"uagb_author_info":{"display_name":"YMS COLMAR","author_link":"https:\/\/www.yamaha-music-school-colmar.com\/site\/author\/jmgc59\/"},"uagb_comment_info":0,"uagb_excerpt":"(*) tarifs au forfait donn\u00e9s pour 35 cours annuels selon calendrier et Conditions G\u00e9n\u00e9rales Toutes les informations sont sujettes \u00e0 modifications. Calendrier 2025\/2026","_links":{"self":[{"href":"https:\/\/www.yamaha-music-school-colmar.com\/site\/wp-json\/wp\/v2\/pages\/1067","targetHints":{"allow":["GET"]}}],"collection":[{"href":"https:\/\/www.yamaha-music-school-colmar.com\/site\/wp-json\/wp\/v2\/pages"}],"about":[{"href":"https:\/\/www.yamaha-music-school-colmar.com\/site\/wp-json\/wp\/v2\/types\/page"}],"author":[{"embeddable":true,"href":"https:\/\/www.yamaha-music-school-colmar.com\/site\/wp-json\/wp\/v2\/users\/1"}],"replies":[{"embeddable":true,"href":"https:\/\/www.yamaha-music-school-colmar.com\/site\/wp-json\/wp\/v2\/comments?post=1067"}],"version-history":[{"count":62,"href":"https:\/\/www.yamaha-music-school-colmar.com\/site\/wp-json\/wp\/v2\/pages\/1067\/revisions"}],"predecessor-version":[{"id":2852,"href":"https:\/\/www.yamaha-music-school-colmar.com\/site\/wp-json\/wp\/v2\/pages\/1067\/revisions\/2852"}],"wp:attachment":[{"href":"https:\/\/www.yamaha-music-school-colmar.com\/site\/wp-json\/wp\/v2\/media?parent=1067"}],"curies":[{"name":"wp","href":"https:\/\/api.w.org\/{rel}","templated":true}]}}