{"id":10,"date":"2018-11-26T12:47:06","date_gmt":"2018-11-26T12:47:06","guid":{"rendered":"https:\/\/websitedemos.net\/alex26\/?page_id=10"},"modified":"2025-12-05T16:11:32","modified_gmt":"2025-12-05T15:11:32","slug":"contact","status":"publish","type":"page","link":"https:\/\/www.yamaha-music-school-colmar.com\/site\/contact\/","title":{"rendered":"CONTACT"},"content":{"rendered":"<div class=\"n2_clear\"><ss3-force-full-width data-overflow-x=\"body\" data-horizontal-selector=\"body\"><div class=\"n2-section-smartslider fitvidsignore  n2_clear\" data-ssid=\"6\"><div id=\"n2-ss-6-align\" class=\"n2-ss-align\"><div class=\"n2-padding\"><div id=\"n2-ss-6\" data-creator=\"Smart Slider 3\" data-responsive=\"fullwidth\" class=\"n2-ss-slider n2-ow n2-has-hover n2notransition  \">\n        <div class=\"n2-ss-slider-1 n2_ss__touch_element n2-ow\">\n            <div class=\"n2-ss-slider-2 n2-ow\">\n                                                <div class=\"n2-ss-slider-3 n2-ow\">\n\n                    <div class=\"n2-ss-slide-backgrounds n2-ow-all\"><div class=\"n2-ss-slide-background\" data-public-id=\"1\" data-mode=\"fill\"><div data-color=\"RGBA(255,255,255,0)\" style=\"background-color: RGBA(255,255,255,0);\" class=\"n2-ss-slide-background-color\"><\/div><\/div><\/div>                    <div class=\"n2-ss-slider-4 n2-ow\">\n                        <svg xmlns=\"http:\/\/www.w3.org\/2000\/svg\" viewBox=\"0 0 1200 600\" data-related-device=\"desktopPortrait\" class=\"n2-ow n2-ss-preserve-size n2-ss-preserve-size--slider n2-ss-slide-limiter\"><\/svg><div data-first=\"1\" data-slide-duration=\"0\" data-id=\"29\" data-slide-public-id=\"1\" data-title=\"Image Slider 2\" class=\"n2-ss-slide n2-ow  n2-ss-slide-29\"><div role=\"note\" class=\"n2-ss-slide--focus\" tabindex=\"-1\">Image Slider 2<\/div><div class=\"n2-ss-layers-container n2-ss-slide-limiter n2-ow\"><div class=\"n2-ss-layer n2-ow n-uc-UQz1oFW14yAw\" data-sstype=\"slide\" data-pm=\"default\"><div class=\"n2-ss-layer n2-ow n-uc-mXwBP2Ys6PfR\" data-pm=\"default\" data-sstype=\"content\" data-hasbackground=\"1\"><div class=\"n2-ss-section-main-content n2-ss-layer-with-background n2-ss-layer-content n2-ow n-uc-mXwBP2Ys6PfR-inner\"><div class=\"n2-ss-layer n2-ow n-uc-Ln2afWJw2uFL\" data-pm=\"normal\" data-sstype=\"layer\"><div class=\"n2-ss-item-content n2-ss-text n2-ow-all\"><div class=\"\"><p class=\"n2-font-2b0e95448f23b240322420300996f9ad-paragraph   \">CONTACT<\/p>\n<\/div><\/div><\/div><div class=\"n2-ss-layer n2-ow n2-ss-layer--block n2-ss-has-self-align n-uc-q5eNxVUx6uX2\" data-pm=\"normal\" data-sstype=\"row\"><div class=\"n2-ss-layer-row n2-ss-layer-with-background n-uc-q5eNxVUx6uX2-inner\"><div class=\"n2-ss-layer-row-inner \"><div class=\"n2-ss-layer n2-ow n-uc-QJvedmw83Ucd\" data-pm=\"default\" data-sstype=\"col\"><div class=\"n2-ss-layer-col n2-ss-layer-with-background n2-ss-layer-content n-uc-QJvedmw83Ucd-inner\"><\/div><\/div><div class=\"n2-ss-layer n2-ow n-uc-H5R3SC4NcS2s\" data-pm=\"default\" data-sstype=\"col\"><div class=\"n2-ss-layer-col n2-ss-layer-with-background n2-ss-layer-content n-uc-H5R3SC4NcS2s-inner\"><\/div><\/div><\/div><\/div><\/div><\/div><\/div><\/div><\/div><\/div>                    <\/div>\n\n                                    <\/div>\n            <\/div>\n        <\/div>\n        <\/div><ss3-loader><\/ss3-loader><\/div><\/div><div class=\"n2_clear\"><\/div><\/div><\/ss3-force-full-width><\/div>\n\n\n<section class=\"wp-block-uagb-section uagb-section__wrap uagb-section__background-undefined uagb-block-1868c8d5\"><div class=\"uagb-section__overlay\"><\/div><div class=\"uagb-section__inner-wrap\">\n<div class=\"wp-block-columns has-3-columns is-layout-flex wp-container-core-columns-is-layout-28f84493 wp-block-columns-is-layout-flex\">\n<div class=\"wp-block-column is-layout-flow wp-block-column-is-layout-flow\">\n<div class=\"wp-block-uagb-advanced-heading uagb-block-d7921a90\"><h2 class=\"uagb-heading-text\"><strong>Fiche de contact<\/strong><\/h2><p class=\"uagb-desc-text\">Nous serions heureux de vous rencontrer pendant nos heures d\u2019ouverture, et de vous pr\u00e9senter notre \u00e9cole.<\/p><\/div>\n\n\n\n<div style=\"height:30px\" aria-hidden=\"true\" class=\"wp-block-spacer\"><\/div>\n<\/div>\n\n\n\n<div class=\"wp-block-column is-layout-flow wp-block-column-is-layout-flow\"><div class=\"wpforms-container \" id=\"wpforms-5\"><form id=\"wpforms-form-5\" class=\"wpforms-validate wpforms-form\" data-formid=\"5\" method=\"post\" enctype=\"multipart\/form-data\" action=\"\/site\/wp-json\/wp\/v2\/pages\/10\" data-token=\"0fdd3b49373acdbca83b49db9ba7bc86\" data-token-time=\"1778758918\"><noscript class=\"wpforms-error-noscript\">Veuillez activer JavaScript dans votre navigateur pour remplir ce formulaire.<\/noscript><div class=\"wpforms-field-container\"><div id=\"wpforms-5-field_5-container\" class=\"wpforms-field wpforms-field-checkbox\" data-field-id=\"5\"><label class=\"wpforms-field-label\">Civilit\u00e9<\/label><ul id=\"wpforms-5-field_5\"><li class=\"choice-1 depth-1\"><input type=\"checkbox\" id=\"wpforms-5-field_5_1\" name=\"wpforms[fields][5][]\" value=\"Madame\"  ><label class=\"wpforms-field-label-inline\" for=\"wpforms-5-field_5_1\">Madame<\/label><\/li><li class=\"choice-2 depth-1\"><input type=\"checkbox\" id=\"wpforms-5-field_5_2\" name=\"wpforms[fields][5][]\" value=\"Monsieur\"  ><label class=\"wpforms-field-label-inline\" for=\"wpforms-5-field_5_2\">Monsieur<\/label><\/li><\/ul><\/div><div id=\"wpforms-5-field_0-container\" class=\"wpforms-field wpforms-field-name\" data-field-id=\"0\"><label class=\"wpforms-field-label\" for=\"wpforms-5-field_0\">Nom<\/label><input type=\"text\" id=\"wpforms-5-field_0\" class=\"wpforms-field-large\" name=\"wpforms[fields][0]\" ><\/div><div id=\"wpforms-5-field_6-container\" class=\"wpforms-field wpforms-field-text\" data-field-id=\"6\"><label class=\"wpforms-field-label\" for=\"wpforms-5-field_6\">Pr\u00e9nom<\/label><input type=\"text\" id=\"wpforms-5-field_6\" class=\"wpforms-field-medium\" name=\"wpforms[fields][6]\" ><\/div><div id=\"wpforms-5-field_1-container\" class=\"wpforms-field wpforms-field-email\" data-field-id=\"1\"><label class=\"wpforms-field-label\" for=\"wpforms-5-field_1\">Votre email (requis) <span class=\"wpforms-required-label\">*<\/span><\/label><input type=\"email\" id=\"wpforms-5-field_1\" class=\"wpforms-field-large wpforms-field-required\" name=\"wpforms[fields][1]\" spellcheck=\"false\" required><\/div><div id=\"wpforms-5-field_7-container\" class=\"wpforms-field wpforms-field-text\" data-field-id=\"7\"><label class=\"wpforms-field-label\" for=\"wpforms-5-field_7\">T\u00e9l\u00e9phone<\/label><input type=\"text\" id=\"wpforms-5-field_7\" class=\"wpforms-field-medium\" name=\"wpforms[fields][7]\" ><\/div><div id=\"wpforms-5-field_8-container\" class=\"wpforms-field wpforms-field-radio\" data-field-id=\"8\"><label class=\"wpforms-field-label\">Sujet (requis) <span class=\"wpforms-required-label\">*<\/span><\/label><ul id=\"wpforms-5-field_8\" class=\"wpforms-field-required\"><li class=\"choice-1 depth-1\"><input type=\"radio\" id=\"wpforms-5-field_8_1\" name=\"wpforms[fields][8]\" value=\"G\u00e9n\u00e9ral\" required ><label class=\"wpforms-field-label-inline\" for=\"wpforms-5-field_8_1\">G\u00e9n\u00e9ral<\/label><\/li><li class=\"choice-2 depth-1\"><input type=\"radio\" id=\"wpforms-5-field_8_2\" name=\"wpforms[fields][8]\" value=\"Cours d&#039;essai\" required ><label class=\"wpforms-field-label-inline\" for=\"wpforms-5-field_8_2\">Cours d'essai<\/label><\/li><li class=\"choice-3 depth-1\"><input type=\"radio\" id=\"wpforms-5-field_8_3\" name=\"wpforms[fields][8]\" value=\"Collaboration\" required ><label class=\"wpforms-field-label-inline\" for=\"wpforms-5-field_8_3\">Collaboration<\/label><\/li><\/ul><\/div><div id=\"wpforms-5-field_2-container\" class=\"wpforms-field wpforms-field-textarea\" data-field-id=\"2\"><label class=\"wpforms-field-label\" for=\"wpforms-5-field_2\">Votre message <span class=\"wpforms-required-label\">*<\/span><\/label><textarea id=\"wpforms-5-field_2\" class=\"wpforms-field-medium wpforms-field-required\" name=\"wpforms[fields][2]\" required><\/textarea><\/div><div id=\"wpforms-5-field_9-container\" class=\"wpforms-field wpforms-field-checkbox\" data-field-id=\"9\"><label class=\"wpforms-field-label\">Protection de vos donn\u00e9es <span class=\"wpforms-required-label\">*<\/span><\/label><ul id=\"wpforms-5-field_9\" class=\"wpforms-field-required\"><li class=\"choice-1 depth-1\"><input type=\"checkbox\" id=\"wpforms-5-field_9_1\" name=\"wpforms[fields][9][]\" value=\"J&#039;accepte que YAMAHA MUSIC SCHOOL COLMAR utilise les informations que je communique pour m&#039;envoyer des informations sur les produits et prestations qui correspondent \u00e0 mon profil et \u00e0 mes int\u00e9r\u00eats en accord avec sa politique de protection des donn\u00e9es.\" required ><label class=\"wpforms-field-label-inline\" for=\"wpforms-5-field_9_1\">J'accepte que YAMAHA MUSIC SCHOOL COLMAR utilise les informations que je communique pour m'envoyer des informations sur les produits et prestations qui correspondent \u00e0 mon profil et \u00e0 mes int\u00e9r\u00eats en accord avec sa politique de protection des donn\u00e9es.<\/label><\/li><\/ul><\/div><\/div><!-- .wpforms-field-container --><div class=\"wpforms-field wpforms-field-hp\"><label for=\"wpforms-5-field-hp\" class=\"wpforms-field-label\">Comment<\/label><input type=\"text\" name=\"wpforms[hp]\" id=\"wpforms-5-field-hp\" class=\"wpforms-field-medium\"><\/div><div class=\"wpforms-recaptcha-container wpforms-is-recaptcha wpforms-is-recaptcha-type-v3\" ><input type=\"hidden\" name=\"wpforms[recaptcha]\" value=\"\"><\/div><div class=\"wpforms-submit-container\" ><input type=\"hidden\" name=\"wpforms[id]\" value=\"5\"><input type=\"hidden\" name=\"page_title\" value=\"\"><input type=\"hidden\" name=\"page_url\" value=\"https:\/\/www.yamaha-music-school-colmar.com\/site\/wp-json\/wp\/v2\/pages\/10\"><input type=\"hidden\" name=\"url_referer\" value=\"\"><button type=\"submit\" name=\"wpforms[submit]\" id=\"wpforms-submit-5\" class=\"wpforms-submit\" data-alt-text=\"Envoi en cours\" data-submit-text=\"Envoyer\" aria-live=\"assertive\" value=\"wpforms-submit\">Envoyer<\/button><\/div><\/form><\/div>  <!-- .wpforms-container -->\n<\/div>\n\n\n\n<div class=\"wp-block-column is-layout-flow wp-block-column-is-layout-flow\">\n<p>Heures d&rsquo;ouvertures :<\/p>\n\n\n\n<p>Mardi de 11 h \u00e0 19 h<\/p>\n\n\n\n<p>Mercredi de 10 h \u00e0 19 h<\/p>\n\n\n\n<p>Jeudi de 10 h \u00e0 20 h<\/p>\n\n\n\n<p>Vendredi de 10 h \u00e0 20 h<\/p>\n\n\n\n<p>Samedi de 9 h \u00e0 17 h<\/p>\n\n\n\n<div class=\"wp-block-button\"><a class=\"wp-block-button__link has-luminous-vivid-orange-background-color has-text-color has-background wp-element-button\" style=\"color:#ffffff\">Cours ..<\/a><\/div>\n<\/div>\n<\/div>\n<\/div><\/section>\n\n\n\n<section class=\"wp-block-uagb-section uagb-section__wrap uagb-section__background-undefined uagb-block-1842096c\"><div class=\"uagb-section__overlay\"><\/div><div class=\"uagb-section__inner-wrap\"><\/div><\/section>\n\n\n\t\t\t<div \n\t\t\tclass=\"wp-block-uagb-google-map uagb-google-map__wrap uagb-block-336df159     \"\n\t\t\tstyle=\"\" >\n\t\t\t\t<embed\n\t\t\t\t\tclass=\"uagb-google-map__iframe\"\n\t\t\t\t\ttitle=\"Carte Google pour \"\n\t\t\t\t\tsrc=\"https:\/\/maps.google.com\/maps?q=118%20rue%20Andr%C3%A9%20KIENER%2068000%20COLMAR&#038;z=13&#038;hl=fr&#038;t=m&#038;output=embed&#038;iwloc=near\"\n\t\t\t\t\twidth=\"640\"\n\t\t\t\t\theight=\"534\"\n\t\t\t\t\tloading=\"lazy\"\n\t\t\t\t><\/embed>\n\t\t\t<\/div>\n\t\t\t\n\n\n<section class=\"wp-block-uagb-section uagb-section__wrap uagb-section__background-image uagb-block-03b32550\"><div class=\"uagb-section__overlay\"><\/div><div class=\"uagb-section__inner-wrap\">\n<div class=\"wp-block-columns has-3-columns is-layout-flex wp-container-core-columns-is-layout-28f84493 wp-block-columns-is-layout-flex\">\n<div class=\"wp-block-column is-layout-flow wp-block-column-is-layout-flow\">\n<div class=\"wp-block-uagb-advanced-heading uagb-block-fdb29a3c ticss-53850d97\"><h4 class=\"uagb-heading-text\"><a href=\"https:\/\/www.yamaha-music-school-colmar.com\/site\/a-propos\/\">A propos<\/a><\/h4><\/div>\n\n\n\n<div class=\"wp-block-uagb-advanced-heading uagb-block-317b55e0\"><h4 class=\"uagb-heading-text\"><a href=\"https:\/\/www.yamaha-music-school-colmar.com\/site\/junior-original-concert\/\">Junior original concert<\/a><\/h4><\/div>\n\n\n\n<div class=\"wp-block-uagb-advanced-heading uagb-block-44e8f01a\"><h4 class=\"uagb-heading-text\"><a href=\"https:\/\/www.yamaha-music-school-colmar.com\/site\/cours-2\/\">Examens de grade<\/a><\/h4><\/div>\n\n\n\n<div class=\"wp-block-uagb-advanced-heading uagb-block-4b2220fd\"><h4 class=\"uagb-heading-text\"> <a href=\"https:\/\/www.yamaha-music-school-colmar.com\/site\/contact\/\">Contact<\/a><\/h4><\/div>\n\n\n\n<div class=\"wp-block-uagb-advanced-heading uagb-block-837087f1\"><h4 class=\"uagb-heading-text\"><a href=\"https:\/\/www.yamaha-music-school-colmar.com\/site\/politique-de-confidentialite\/\">Mentions l\u00e9gales<\/a><\/h4><\/div>\n<\/div>\n\n\n\n<div class=\"wp-block-column is-layout-flow wp-block-column-is-layout-flow\">\n<div class=\"wp-block-uagb-advanced-heading uagb-block-19b7d8f7 ticss-eda529cc\"><h4 class=\"uagb-heading-text\"><a href=\"https:\/\/www.yamaha-music-school-colmar.com\/site\/cours\/\">Nos cours<\/a><\/h4><\/div>\n\n\n\n<div class=\"wp-block-uagb-advanced-heading uagb-block-f80642b2\"><h4 class=\"uagb-heading-text\"><a href=\"https:\/\/www.yamaha-music-school-colmar.com\/site\/cours-pour-enfants\/\">Cours pour enfants<\/a><\/h4><\/div>\n\n\n\n<div class=\"wp-block-uagb-advanced-heading uagb-block-68470c80\"><h4 class=\"uagb-heading-text\"><a href=\"https:\/\/www.yamaha-music-school-colmar.com\/site\/cours-pour-adolescents-adultes\/\">Cours pour Adolescents \/ Adultes<\/a><\/h4><\/div>\n\n\n\n<div class=\"wp-block-uagb-advanced-heading uagb-block-b0bbaff0\"><h4 class=\"uagb-heading-text\"><a href=\"https:\/\/www.yamaha-music-school-colmar.com\/site\/nos-professeurs\/\">Professeurs<\/a><\/h4><\/div>\n\n\n\n<div class=\"wp-block-uagb-advanced-heading uagb-block-bdcf2be5\"><h4 class=\"uagb-heading-text\"><a href=\"https:\/\/www.yamaha-music-school-colmar.com\/site\/contact\/\">Horaires<\/a><\/h4><\/div>\n\n\n\n<p><\/p>\n<\/div>\n\n\n\n<div class=\"wp-block-column is-layout-flow wp-block-column-is-layout-flow\">\n<figure class=\"wp-block-image\"><img loading=\"lazy\" decoding=\"async\" width=\"628\" height=\"141\" src=\"https:\/\/www.yamaha-music-school-colmar.com\/site\/wp-content\/uploads\/2019\/03\/yms_logo_big.png\" alt=\"\" class=\"wp-image-1050\" srcset=\"https:\/\/www.yamaha-music-school-colmar.com\/site\/wp-content\/uploads\/2019\/03\/yms_logo_big.png 628w, https:\/\/www.yamaha-music-school-colmar.com\/site\/wp-content\/uploads\/2019\/03\/yms_logo_big-300x67.png 300w\" sizes=\"auto, (max-width: 628px) 100vw, 628px\" \/><\/figure>\n\n\n\n<div class=\"wp-block-uagb-advanced-heading uagb-block-30119d83\"><h4 class=\"uagb-heading-text\">Contacts<\/h4><\/div>\n\n\n\n<div class=\"wp-block-uagb-icon-list uagb-block-912efb89 uagb-icon-list__outer-wrap uagb-icon-list__layout-vertical uagb-icon-list__icon-at-top\"><div class=\"uagb-icon-list__wrap\">\n<div class=\"wp-block-uagb-icon-list-child uagb-block-648dab71 uagb-icon-list-repeater uagb-icon-list__wrapper\"><span class=\"uagb-icon-list__source-wrap\"><svg xmlns=\"https:\/\/www.w3.org\/2000\/svg\" viewBox=\"0 0 384 512\"><path d=\"M168.3 499.2C116.1 435 0 279.4 0 192C0 85.96 85.96 0 192 0C298 0 384 85.96 384 192C384 279.4 267 435 215.7 499.2C203.4 514.5 180.6 514.5 168.3 499.2H168.3zM192 256C227.3 256 256 227.3 256 192C256 156.7 227.3 128 192 128C156.7 128 128 156.7 128 192C128 227.3 156.7 256 192 256z\"><\/path><\/svg><\/span><span class=\"uagb-icon-list__label\">118, rue Andr\u00e9 KIENER<br>68000 COLMAR<\/span><\/div>\n\n\n\n<div class=\"wp-block-uagb-icon-list-child uagb-block-c8007ba7 uagb-icon-list-repeater uagb-icon-list__wrapper\"><span class=\"uagb-icon-list__source-wrap\"><svg xmlns=\"https:\/\/www.w3.org\/2000\/svg\" viewBox=\"0 0 512 512\"><path d=\"M511.2 387l-23.25 100.8c-3.266 14.25-15.79 24.22-30.46 24.22C205.2 512 0 306.8 0 54.5c0-14.66 9.969-27.2 24.22-30.45l100.8-23.25C139.7-2.602 154.7 5.018 160.8 18.92l46.52 108.5c5.438 12.78 1.77 27.67-8.98 36.45L144.5 207.1c33.98 69.22 90.26 125.5 159.5 159.5l44.08-53.8c8.688-10.78 23.69-14.51 36.47-8.975l108.5 46.51C506.1 357.2 514.6 372.4 511.2 387z\"><\/path><\/svg><\/span><span class=\"uagb-icon-list__label\">06 31 37 44 38 &#8211; 03 89 21 65 90 <\/span><\/div>\n\n\n\n<div class=\"wp-block-uagb-icon-list-child uagb-block-c8b296b7 uagb-icon-list-repeater uagb-icon-list__wrapper\"><span class=\"uagb-icon-list__source-wrap\"><svg xmlns=\"https:\/\/www.w3.org\/2000\/svg\" viewBox=\"0 0 512 512\"><path d=\"M493.6 163c-24.88-19.62-45.5-35.37-164.3-121.6C312.7 29.21 279.7 0 256.4 0H255.6C232.3 0 199.3 29.21 182.6 41.38c-118.8 86.25-139.4 101.1-164.3 121.6C6.75 172 0 186 0 200.8v263.2C0 490.5 21.49 512 48 512h416c26.51 0 48-21.49 48-47.1V200.8C512 186 505.3 172 493.6 163zM303.2 367.5C289.1 378.5 272.5 384 256 384s-33.06-5.484-47.16-16.47L64 254.9V208.5c21.16-16.59 46.48-35.66 156.4-115.5c3.18-2.328 6.891-5.187 10.98-8.353C236.9 80.44 247.8 71.97 256 66.84c8.207 5.131 19.14 13.6 24.61 17.84c4.09 3.166 7.801 6.027 11.15 8.478C400.9 172.5 426.6 191.7 448 208.5v46.32L303.2 367.5z\"><\/path><\/svg><\/span><span class=\"uagb-icon-list__label\"><a href=\"mailto:ymscolmar@gmail.com\">ymscolmar@gmail.com <\/a> <\/span><\/div>\n<\/div><\/div>\n<\/div>\n<\/div>\n\n\n\n<div style=\"height:30px\" aria-hidden=\"true\" class=\"wp-block-spacer\"><\/div>\n\n\n\n<hr class=\"wp-block-separator has-css-opacity is-style-wide\"\/>\n\n\n\n<div style=\"height:20px\" aria-hidden=\"true\" class=\"wp-block-spacer\"><\/div>\n\n\n\n<p><\/p>\n<\/div><\/section>\n","protected":false},"excerpt":{"rendered":"","protected":false},"author":1,"featured_media":0,"parent":0,"menu_order":0,"comment_status":"closed","ping_status":"closed","template":"","meta":{"_uag_custom_page_level_css":"","site-sidebar-layout":"no-sidebar","site-content-layout":"page-builder","ast-site-content-layout":"full-width-container","site-content-style":"unboxed","site-sidebar-style":"unboxed","ast-global-header-display":"","ast-banner-title-visibility":"","ast-main-header-display":"","ast-hfb-above-header-display":"","ast-hfb-below-header-display":"","ast-hfb-mobile-header-display":"","site-post-title":"disabled","ast-breadcrumbs-content":"","ast-featured-img":"disabled","footer-sml-layout":"","theme-transparent-header-meta":"enabled","adv-header-id-meta":"","stick-header-meta":"","header-above-stick-meta":"","header-main-stick-meta":"","header-below-stick-meta":"","astra-migrate-meta-layouts":"set","ast-page-background-enabled":"default","ast-page-background-meta":{"desktop":{"background-color":"","background-image":"","background-repeat":"repeat","background-position":"center center","background-size":"auto","background-attachment":"scroll","background-type":"","background-media":"","overlay-type":"","overlay-color":"","overlay-opacity":"","overlay-gradient":""},"tablet":{"background-color":"","background-image":"","background-repeat":"repeat","background-position":"center center","background-size":"auto","background-attachment":"scroll","background-type":"","background-media":"","overlay-type":"","overlay-color":"","overlay-opacity":"","overlay-gradient":""},"mobile":{"background-color":"","background-image":"","background-repeat":"repeat","background-position":"center center","background-size":"auto","background-attachment":"scroll","background-type":"","background-media":"","overlay-type":"","overlay-color":"","overlay-opacity":"","overlay-gradient":""}},"ast-content-background-meta":{"desktop":{"background-color":"var(--ast-global-color-5)","background-image":"","background-repeat":"repeat","background-position":"center center","background-size":"auto","background-attachment":"scroll","background-type":"","background-media":"","overlay-type":"","overlay-color":"","overlay-opacity":"","overlay-gradient":""},"tablet":{"background-color":"var(--ast-global-color-5)","background-image":"","background-repeat":"repeat","background-position":"center center","background-size":"auto","background-attachment":"scroll","background-type":"","background-media":"","overlay-type":"","overlay-color":"","overlay-opacity":"","overlay-gradient":""},"mobile":{"background-color":"var(--ast-global-color-5)","background-image":"","background-repeat":"repeat","background-position":"center center","background-size":"auto","background-attachment":"scroll","background-type":"","background-media":"","overlay-type":"","overlay-color":"","overlay-opacity":"","overlay-gradient":""}},"_themeisle_gutenberg_block_has_review":false,"footnotes":""},"class_list":["post-10","page","type-page","status-publish","hentry"],"featured_image_urls_v2":{"full":"","thumbnail":"","medium":"","medium_large":"","large":"","1536x1536":"","2048x2048":""},"post_excerpt_stackable_v2":"<p>Image Slider 2CONTACT Fiche de contactNous serions heureux de vous rencontrer pendant nos heures d\u2019ouverture, et de vous pr\u00e9senter notre \u00e9cole. Veuillez activer JavaScript dans votre navigateur pour remplir ce formulaire.Civilit\u00e9MadameMonsieurNomPr\u00e9nomVotre email (requis) *T\u00e9l\u00e9phoneSujet (requis) *G\u00e9n\u00e9ralCours d&rsquo;essaiCollaborationVotre message *Protection de vos donn\u00e9es *J&rsquo;accepte que YAMAHA MUSIC SCHOOL COLMAR utilise les informations que je communique pour m&rsquo;envoyer des informations sur les produits et prestations qui correspondent \u00e0 mon profil et \u00e0 mes int\u00e9r\u00eats en accord avec sa politique de protection des donn\u00e9es.CommentEnvoyer Heures d&rsquo;ouvertures : Mardi de 11 h \u00e0 19 h Mercredi de 10 h \u00e0 19 h Jeudi de\u2026<\/p>\n","category_list_v2":"","author_info_v2":{"name":"YMS COLMAR","url":"https:\/\/www.yamaha-music-school-colmar.com\/site\/author\/jmgc59\/"},"comments_num_v2":"0 commentaire","uagb_featured_image_src":{"full":false,"thumbnail":false,"medium":false,"medium_large":false,"large":false,"1536x1536":false,"2048x2048":false},"uagb_author_info":{"display_name":"YMS COLMAR","author_link":"https:\/\/www.yamaha-music-school-colmar.com\/site\/author\/jmgc59\/"},"uagb_comment_info":0,"uagb_excerpt":null,"_links":{"self":[{"href":"https:\/\/www.yamaha-music-school-colmar.com\/site\/wp-json\/wp\/v2\/pages\/10","targetHints":{"allow":["GET"]}}],"collection":[{"href":"https:\/\/www.yamaha-music-school-colmar.com\/site\/wp-json\/wp\/v2\/pages"}],"about":[{"href":"https:\/\/www.yamaha-music-school-colmar.com\/site\/wp-json\/wp\/v2\/types\/page"}],"author":[{"embeddable":true,"href":"https:\/\/www.yamaha-music-school-colmar.com\/site\/wp-json\/wp\/v2\/users\/1"}],"replies":[{"embeddable":true,"href":"https:\/\/www.yamaha-music-school-colmar.com\/site\/wp-json\/wp\/v2\/comments?post=10"}],"version-history":[{"count":11,"href":"https:\/\/www.yamaha-music-school-colmar.com\/site\/wp-json\/wp\/v2\/pages\/10\/revisions"}],"predecessor-version":[{"id":2829,"href":"https:\/\/www.yamaha-music-school-colmar.com\/site\/wp-json\/wp\/v2\/pages\/10\/revisions\/2829"}],"wp:attachment":[{"href":"https:\/\/www.yamaha-music-school-colmar.com\/site\/wp-json\/wp\/v2\/media?parent=10"}],"curies":[{"name":"wp","href":"https:\/\/api.w.org\/{rel}","templated":true}]}}